{"id":30,"date":"2017-05-23T17:49:13","date_gmt":"2017-05-23T15:49:13","guid":{"rendered":"http:\/\/azote.com\/wordpress\/?page_id=30"},"modified":"2023-04-12T18:04:12","modified_gmt":"2023-04-12T16:04:12","slug":"page-4-1","status":"publish","type":"page","link":"https:\/\/azote.com\/wordpress\/page-04\/page-4-1\/","title":{"rendered":"la place de la gare"},"content":{"rendered":"<p>Une photo, une histoire :<\/p>\n<p>Sur cette photo datant de 1915 environ sont regroup\u00e9s les premiers moyens de communication offerts aux Sevriolains, puisque nous retrouvons le long de la route nationale 508 dans le sens Annecy Faverges ( de gauche \u00e0 droite) :<\/p>\n<p>\u00a0<\/p>\n\n<div class=\"wp-block-image\">\n<figure class=\"aligncenter size-large\"><img decoding=\"async\" loading=\"lazy\" width=\"1024\" height=\"652\" src=\"https:\/\/azote.com\/wordpress\/wp-content\/uploads\/2023\/04\/image_668-1-1024x652.jpg\" alt=\"\" class=\"wp-image-278\" srcset=\"https:\/\/azote.com\/wordpress\/wp-content\/uploads\/2023\/04\/image_668-1-1024x652.jpg 1024w, https:\/\/azote.com\/wordpress\/wp-content\/uploads\/2023\/04\/image_668-1-300x191.jpg 300w, https:\/\/azote.com\/wordpress\/wp-content\/uploads\/2023\/04\/image_668-1-768x489.jpg 768w, https:\/\/azote.com\/wordpress\/wp-content\/uploads\/2023\/04\/image_668-1-1536x979.jpg 1536w, https:\/\/azote.com\/wordpress\/wp-content\/uploads\/2023\/04\/image_668-1-2048x1305.jpg 2048w\" sizes=\"(max-width: 1024px) 100vw, 1024px\" \/><\/figure><\/div>\n\n\n<p>1- Le local de l&rsquo;administration des Postes et T\u00e9l\u00e9graphes. La construction fut achev\u00e9e par Monsieur E. Magnin le17 janvier 1907 . L&rsquo;utilisation de ce b\u00e2timent dura environ 40 ans.<br>2- Le port . La construction du d\u00e9barcad\u00e8re fut r\u00e9alis\u00e9e par J.Barrut en 1890 permettant aux Sevriolains de profiter des services de la Compagnie des bateaux.<br>3- La gare. La ligne de chemin de fer fut ouverte le 3 juin 1901, c&rsquo;est donc durant l&rsquo;ann\u00e9e 1900 que fut \u00e9difi\u00e9e cette b\u00e2tisse.<br>4- L&rsquo;h\u00f4tel du lac. Datant de 1910 il fut le premier \u00e9tablissement h\u00f4telier situ\u00e9 au centre de la commune.<br>5- La maison du garde-barri\u00e8re. La route d&rsquo;acc\u00e8s au port traversait la voie de chemin de fer qui \u00e9tait prot\u00e9g\u00e9e par un passage \u00e0 niveau \u00e0 barri\u00e8res dont le fonctionnement manuel \u00e9tait assur\u00e9 par une famille qui habitait une maisonnette bien modeste. Actuellement en lieu et place de ce b\u00e2timent d\u00e9truit se trouve le club-house du tennis.<br>6- Ancienne voie romaine Annecy Faverges. Cette route fut r\u00e9alis\u00e9e sous son appellation RN 508 (Bellegarde, Albertville).<br>7- La voie ferr\u00e9e. Cette ligne PLM reliait ANNECY \u00e0 ALBERTVILLE, sa construction a d\u00e9but\u00e9 en 1882 et elle a \u00e9t\u00e9 ouverte aux voyageurs en 1901.<\/p>\n","protected":false},"excerpt":{"rendered":"<p>Une photo, une histoire : Sur cette photo datant de 1915 environ sont regroup\u00e9s les premiers moyens de communication offerts aux Sevriolains, puisque nous retrouvons le long de la route nationale 508 dans le sens Annecy Faverges ( de gauche \u00e0 droite) : \u00a0 1- Le local de l&rsquo;administration des Postes et T\u00e9l\u00e9graphes. La construction &hellip; <a href=\"https:\/\/azote.com\/wordpress\/page-04\/page-4-1\/\" class=\"more-link\">Continuer la lecture de <span class=\"screen-reader-text\">la place de la gare<\/span><\/a><\/p>\n","protected":false},"author":1,"featured_media":0,"parent":16,"menu_order":0,"comment_status":"closed","ping_status":"closed","template":"","meta":[],"_links":{"self":[{"href":"https:\/\/azote.com\/wordpress\/wp-json\/wp\/v2\/pages\/30"}],"collection":[{"href":"https:\/\/azote.com\/wordpress\/wp-json\/wp\/v2\/pages"}],"about":[{"href":"https:\/\/azote.com\/wordpress\/wp-json\/wp\/v2\/types\/page"}],"author":[{"embeddable":true,"href":"https:\/\/azote.com\/wordpress\/wp-json\/wp\/v2\/users\/1"}],"replies":[{"embeddable":true,"href":"https:\/\/azote.com\/wordpress\/wp-json\/wp\/v2\/comments?post=30"}],"version-history":[{"count":3,"href":"https:\/\/azote.com\/wordpress\/wp-json\/wp\/v2\/pages\/30\/revisions"}],"predecessor-version":[{"id":279,"href":"https:\/\/azote.com\/wordpress\/wp-json\/wp\/v2\/pages\/30\/revisions\/279"}],"up":[{"embeddable":true,"href":"https:\/\/azote.com\/wordpress\/wp-json\/wp\/v2\/pages\/16"}],"wp:attachment":[{"href":"https:\/\/azote.com\/wordpress\/wp-json\/wp\/v2\/media?parent=30"}],"curies":[{"name":"wp","href":"https:\/\/api.w.org\/{rel}","templated":true}]}}