{"id":16,"date":"2017-05-23T17:26:45","date_gmt":"2017-05-23T15:26:45","guid":{"rendered":"http:\/\/azote.com\/wordpress\/?page_id=16"},"modified":"2023-04-12T18:01:07","modified_gmt":"2023-04-12T16:01:07","slug":"page-04","status":"publish","type":"page","link":"https:\/\/azote.com\/wordpress\/page-04\/","title":{"rendered":"Une photo, une histoire"},"content":{"rendered":"<div id=\"TheTexte\" class=\"Texte\" lang=\"zxx\">\n<p>\u00a0<\/p>\n<p>Cette rubrique nous fera d\u00e9couvrir l&rsquo;histoire d&rsquo;une photo, d&rsquo;un lieu avec les r\u00e9cits des personnes qui ont v\u00e9cu ces moments.<\/p>\n<\/div>\n\n\n<figure class=\"wp-block-image size-full\"><img decoding=\"async\" loading=\"lazy\" width=\"896\" height=\"803\" src=\"https:\/\/azote.com\/wordpress\/wp-content\/uploads\/2023\/04\/image_312.jpg\" alt=\"\" class=\"wp-image-274\" srcset=\"https:\/\/azote.com\/wordpress\/wp-content\/uploads\/2023\/04\/image_312.jpg 896w, https:\/\/azote.com\/wordpress\/wp-content\/uploads\/2023\/04\/image_312-300x269.jpg 300w, https:\/\/azote.com\/wordpress\/wp-content\/uploads\/2023\/04\/image_312-768x688.jpg 768w\" sizes=\"(max-width: 896px) 100vw, 896px\" \/><\/figure>\n","protected":false},"excerpt":{"rendered":"<p>\u00a0 Cette rubrique nous fera d\u00e9couvrir l&rsquo;histoire d&rsquo;une photo, d&rsquo;un lieu avec les r\u00e9cits des personnes qui ont v\u00e9cu ces moments.<\/p>\n","protected":false},"author":1,"featured_media":0,"parent":0,"menu_order":0,"comment_status":"closed","ping_status":"closed","template":"","meta":[],"_links":{"self":[{"href":"https:\/\/azote.com\/wordpress\/wp-json\/wp\/v2\/pages\/16"}],"collection":[{"href":"https:\/\/azote.com\/wordpress\/wp-json\/wp\/v2\/pages"}],"about":[{"href":"https:\/\/azote.com\/wordpress\/wp-json\/wp\/v2\/types\/page"}],"author":[{"embeddable":true,"href":"https:\/\/azote.com\/wordpress\/wp-json\/wp\/v2\/users\/1"}],"replies":[{"embeddable":true,"href":"https:\/\/azote.com\/wordpress\/wp-json\/wp\/v2\/comments?post=16"}],"version-history":[{"count":3,"href":"https:\/\/azote.com\/wordpress\/wp-json\/wp\/v2\/pages\/16\/revisions"}],"predecessor-version":[{"id":275,"href":"https:\/\/azote.com\/wordpress\/wp-json\/wp\/v2\/pages\/16\/revisions\/275"}],"wp:attachment":[{"href":"https:\/\/azote.com\/wordpress\/wp-json\/wp\/v2\/media?parent=16"}],"curies":[{"name":"wp","href":"https:\/\/api.w.org\/{rel}","templated":true}]}}