{"id":55,"date":"2023-04-07T17:22:10","date_gmt":"2023-04-07T15:22:10","guid":{"rendered":"https:\/\/azote.com\/wordpress\/?page_id=55"},"modified":"2023-04-07T17:49:57","modified_gmt":"2023-04-07T15:49:57","slug":"la-croix-du-cret","status":"publish","type":"page","link":"http:\/\/azote.com\/wordpress\/les-lieux-dits\/la-croix-du-cret\/","title":{"rendered":"la croix du cr\u00eat"},"content":{"rendered":"\n<p><strong>Historique de la croix du Cr\u00eat\u00a0et du sentier de cr\u00eate.<\/strong><\/p>\n\n\n\n<p>Depuis pas mal de si\u00e8cles, et jusqu&rsquo;au milieu du 19i\u00e8me, les secteurs situ\u00e9s \u00e0 environ 100 m \u00e0 l&rsquo;Ouest et \u00e0 200 m au Nord-ouest de cette croix ont \u00e9t\u00e9 cultiv\u00e9s. On peut tr\u00e8s bien reconna\u00eetre les lieux actuellement bois\u00e9s par l&rsquo;absence de pierres : les pierres g\u00eanantes pour la culture du sol \u00e9taient port\u00e9es soit \u00e0 l&rsquo;amont soit \u00e0 l&rsquo;aval dans les pierriers. Au Nord et \u00e0 l&rsquo;Ouest de ces champs cultiv\u00e9s, se trouvaient\u00a0les p\u00e2turages et les pr\u00e9s de fauche\u00a0. Les pr\u00e9s fauch\u00e9s \u00e9taient entretenus par les habitants du Cr\u00eat et le foin descendu au village \u00e0 dos d&rsquo;homme.<\/p>\n\n\n\n<p>Les p\u00e2turages \u00e9taient exploit\u00e9s par la famille DOMENJOUD ( dit \u00ab\u00a0Chachet\u00a0\u00bb ) du Cr\u00eat, sans doute une des plus anciennes familles de Sevrier, et qui poss\u00e9dait un chalet d&rsquo;alpage, dont on peut encore aujourd&rsquo;hui, tr\u00e8s bien reconna\u00eetre les ruines des murs. Trois ou\u00a0quatre vaches, quelques ch\u00e8vres venaient y pa\u00eetre pendant la bonne saison.<\/p>\n\n\n\n<p>Le gros probl\u00e8me \u00e9tait le manque d&rsquo;eau en p\u00e9riode s\u00e8che. En ce cas, le paysan n&rsquo;avait d&rsquo;autre ressource que de puiser l&rsquo;eau au lac et de la monter \u00e0 dos d&rsquo;homme jusqu&rsquo;au chalet, deux fois par jour, par le sentier du Cr\u00eat. Pour le portage de cette eau, on utilisait un tonneau en bois, d&rsquo;une capacit\u00e9 de 50 \u00e0 60 litres, de forme sp\u00e9ciale, assez long et de faible diam\u00e8tre, tr\u00e8s peu renfl\u00e9 et compartiment\u00e9 \u00e0 l&rsquo;int\u00e9rieur pour \u00e9viter les mouvements de l&rsquo;eau. Le porteur se couvrait les \u00e9paules et la nuque d&rsquo;un sac de toile adapt\u00e9, rempli de balles d&rsquo;avoine, faisant office de coussin sur lequel reposait le tonneau.<\/p>\n\n\n\n<p>Pour permettre au porteur de se reposer un peu sans avoir \u00e0 poser le tonneau plein \u00e0 terre ( et donc \u00e0 le recharger sur les \u00e9paules ), tout au long du parcours \u00e9taient \u00e9difi\u00e9s des petits murets et des blocs de pierre d&rsquo;environ 1,60 m de haut, contre lesquels le porteur se plaquait le dos debout sur ces appuis, qui servaient \u00e9galement lors de la descente de fagots de bois ou de foin transport\u00e9s aussi \u00e0 dos d&rsquo;homme.<\/p>\n\n\n\n<p>Sans doute est-ce l&rsquo;activit\u00e9 de l&rsquo;homme en ces lieux ( alpage, fenaison l&rsquo;\u00e9t\u00e9, exploitation de la for\u00eat l&rsquo;hiver&#8230;) qui a incit\u00e9, avec la grande importance de la foi chr\u00e9tienne, les habitants du village du Cr\u00eat \u00e0 \u00e9difier, sur cette partie dominante une croix, un signe de croyance et de protection. Il est certain qu&rsquo;une croix existait d\u00e9j\u00e0 \u00e0 cet endroit bien avant l&rsquo;annexion de la Savoie \u00e0 la France, tous les t\u00e9moignages de l&rsquo;\u00e9poque le confirment.<\/p>\n\n\n\n<p><em>Cette premi\u00e8re croix consistait en un f\u00fbt de bois de ch\u00e2taignier, \u00e9quarri, qui supportait la croix<\/em><\/p>\n\n\n\n<p><em>\u00a0proprement dite en fonte ajour\u00e9e. Les d\u00e9bris de fonte de cette croix, tomb\u00e9e parce que la partie de bois \u00e9tait en tr\u00e8s mauvais \u00e9tat gisaient en ces lieux cach\u00e9s par les herbes et les ronces.<\/em><\/p>\n\n\n\n<p>Malgr\u00e9 l&rsquo;entretien et les soins apport\u00e9s par les habitants du village du Cr\u00eat, cette croix donnait des signes de fatigue, vers 1990, la d\u00e9cision fut prise de faire une nouvelle croix plut\u00f4t que de r\u00e9parer. C&rsquo;est en juin 1994 que fut \u00e9difi\u00e9e cette nouvelle croix en ciment arm\u00e9.<\/p>\n\n\n\n<p>Le coffrage a \u00e9t\u00e9 fabriqu\u00e9 par Marius MAGNIN, menuisier du village de La Planche. Le coulage sur place a \u00e9t\u00e9 r\u00e9alis\u00e9 par Antoine DAL-MORO, ma\u00e7on au Cr\u00eat, et le transport du mat\u00e9riel ( outillage, eau, sable, ciment, ferraille&#8230;) par les habitants du Cr\u00eat \u00e0 dos d&rsquo;homme: Fernand PARIS, du chef-lieu, Auguste DOMENJOUD, Henri GURRET , Henri LAPERRIERE, tous du Cr\u00eat. La pr\u00e9paration de l&rsquo;ancrage dans le rocher, la fixation du coffre, le coulage et le d\u00e9coffrage ont dur\u00e9 une semaine.<\/p>\n\n\n\n<p>Une nouvelle croix, enti\u00e8rement en bois, fut assembl\u00e9e au village, b\u00e9nie officiellement sur la place de l&rsquo;\u00e9glise lors de la mission de 1928 et ensuite transport\u00e9e jusqu&rsquo;aux Puisots sur un chariot tir\u00e9 par un cheval. De l\u00e0, les hommes du Cr\u00eat, aid\u00e9s par ceux du village voisin L\u00e9traz-Chuguet, port\u00e8rent sur le dos cette croix et la dress\u00e8rent en ces lieux au cours d&rsquo;une journ\u00e9e joyeuse et bien remplie.<\/p>\n\n\n\n<p>La b\u00e9n\u00e9diction de cette nouvelle croix a eu lieu sur place, le dimanche 27 ao\u00fbt 1994, par l&rsquo;abb\u00e9 BALLANSAT, cur\u00e9 de la paroisse, en pr\u00e9sence de M. Pierre HERISSON, d\u00e9put\u00e9-maire de Sevrier, et d&rsquo;une centaine de personnes, au cours d&rsquo;une petite f\u00eate agr\u00e9ment\u00e9e d&rsquo;un repas champ\u00eatre. D&rsquo;autres membres de l&rsquo;Association Henri DOMENJOUD, Ren\u00e9 PERSOUD de L\u00e9traz ont pr\u00eat\u00e9 main forte pour la pr\u00e9paration de l&#8217;emplacement de cette f\u00eate.<\/p>\n\n\n\n<p><\/p>\n\n\n\n<p><\/p>\n","protected":false},"excerpt":{"rendered":"<p>Historique de la croix du Cr\u00eat\u00a0et du sentier de cr\u00eate. Depuis pas mal de si\u00e8cles, et jusqu&rsquo;au milieu du 19i\u00e8me, les secteurs situ\u00e9s \u00e0 environ 100 m \u00e0 l&rsquo;Ouest et \u00e0 200 m au Nord-ouest de cette croix ont \u00e9t\u00e9 cultiv\u00e9s. On peut tr\u00e8s bien reconna\u00eetre les lieux actuellement bois\u00e9s par l&rsquo;absence de pierres : &hellip; <a href=\"http:\/\/azote.com\/wordpress\/les-lieux-dits\/la-croix-du-cret\/\" class=\"more-link\">Continuer la lecture de <span class=\"screen-reader-text\">la croix du cr\u00eat<\/span><\/a><\/p>\n","protected":false},"author":1,"featured_media":0,"parent":2,"menu_order":1,"comment_status":"closed","ping_status":"closed","template":"","meta":[],"_links":{"self":[{"href":"http:\/\/azote.com\/wordpress\/wp-json\/wp\/v2\/pages\/55"}],"collection":[{"href":"http:\/\/azote.com\/wordpress\/wp-json\/wp\/v2\/pages"}],"about":[{"href":"http:\/\/azote.com\/wordpress\/wp-json\/wp\/v2\/types\/page"}],"author":[{"embeddable":true,"href":"http:\/\/azote.com\/wordpress\/wp-json\/wp\/v2\/users\/1"}],"replies":[{"embeddable":true,"href":"http:\/\/azote.com\/wordpress\/wp-json\/wp\/v2\/comments?post=55"}],"version-history":[{"count":1,"href":"http:\/\/azote.com\/wordpress\/wp-json\/wp\/v2\/pages\/55\/revisions"}],"predecessor-version":[{"id":56,"href":"http:\/\/azote.com\/wordpress\/wp-json\/wp\/v2\/pages\/55\/revisions\/56"}],"up":[{"embeddable":true,"href":"http:\/\/azote.com\/wordpress\/wp-json\/wp\/v2\/pages\/2"}],"wp:attachment":[{"href":"http:\/\/azote.com\/wordpress\/wp-json\/wp\/v2\/media?parent=55"}],"curies":[{"name":"wp","href":"https:\/\/api.w.org\/{rel}","templated":true}]}}