{"id":5,"date":"2023-04-07T18:37:34","date_gmt":"2023-04-07T16:37:34","guid":{"rendered":"http:\/\/azote.com\/wordpress\/?page_id=5"},"modified":"2023-04-07T18:44:44","modified_gmt":"2023-04-07T16:44:44","slug":"les-recettes","status":"publish","type":"page","link":"http:\/\/azote.com\/wordpress\/les-recettes\/","title":{"rendered":"Les recettes"},"content":{"rendered":"\n<div class=\"wp-block-columns is-layout-flex wp-container-2\">\n<div class=\"wp-block-column is-layout-flow\" style=\"flex-basis:100%\">\n<div id=\"TheTexte\" class=\"Texte\" lang=\"zxx\">\n<p>&nbsp;<\/p>\n<p><span style=\"color: #000000; font-size: large;\">De&nbsp;nombreuses recettes de notre enfance qui sont &nbsp;de plus en plus appr\u00e9ci\u00e9es.<\/span><\/p>\n<p><span style=\"color: #008400; font-size: large;\"><span style=\"color: #000000;\">Ces recettes, nous sont rapport\u00e9es par des adh\u00e9rentes de notre association.<\/span>&nbsp;<\/span><\/p>\n\n<\/div>\n<\/div>\n<\/div>\n","protected":false},"excerpt":{"rendered":"<p>&nbsp; De&nbsp;nombreuses recettes de notre enfance qui sont &nbsp;de plus en plus appr\u00e9ci\u00e9es. Ces recettes, nous sont rapport\u00e9es par des adh\u00e9rentes de notre association.&nbsp;<\/p>\n","protected":false},"author":1,"featured_media":0,"parent":0,"menu_order":2,"comment_status":"closed","ping_status":"closed","template":"","meta":[],"_links":{"self":[{"href":"http:\/\/azote.com\/wordpress\/wp-json\/wp\/v2\/pages\/5"}],"collection":[{"href":"http:\/\/azote.com\/wordpress\/wp-json\/wp\/v2\/pages"}],"about":[{"href":"http:\/\/azote.com\/wordpress\/wp-json\/wp\/v2\/types\/page"}],"author":[{"embeddable":true,"href":"http:\/\/azote.com\/wordpress\/wp-json\/wp\/v2\/users\/1"}],"replies":[{"embeddable":true,"href":"http:\/\/azote.com\/wordpress\/wp-json\/wp\/v2\/comments?post=5"}],"version-history":[{"count":6,"href":"http:\/\/azote.com\/wordpress\/wp-json\/wp\/v2\/pages\/5\/revisions"}],"predecessor-version":[{"id":124,"href":"http:\/\/azote.com\/wordpress\/wp-json\/wp\/v2\/pages\/5\/revisions\/124"}],"wp:attachment":[{"href":"http:\/\/azote.com\/wordpress\/wp-json\/wp\/v2\/media?parent=5"}],"curies":[{"name":"wp","href":"https:\/\/api.w.org\/{rel}","templated":true}]}}