{"id":320,"date":"2023-04-12T18:45:41","date_gmt":"2023-04-12T16:45:41","guid":{"rendered":"https:\/\/azote.com\/wordpress\/?page_id=320"},"modified":"2023-04-12T18:45:41","modified_gmt":"2023-04-12T16:45:41","slug":"references","status":"publish","type":"page","link":"http:\/\/azote.com\/wordpress\/references\/","title":{"rendered":"R\u00e9f\u00e9rences"},"content":{"rendered":"\n<p><strong><em>Un ouvrage de r\u00e9f\u00e9rence le livre de G\u00e9rard DETRAZ, membre regrett\u00e9 de notre Association.<\/em><\/strong><\/p>\n\n\n<div class=\"wp-block-image\">\n<figure class=\"alignleft size-full\"><img decoding=\"async\" loading=\"lazy\" width=\"273\" height=\"178\" src=\"https:\/\/azote.com\/wordpress\/wp-content\/uploads\/2023\/04\/image_1742.jpg\" alt=\"\" class=\"wp-image-321\"\/><figcaption class=\"wp-element-caption\">M.G\u00e9rard DETRAZ en compagnie de M. Henri GURRET,<br><br>Fondateur et Pr\u00e9sident \u00ab\u00a0des amis du terroir\u00a0\u00bb (photo ci-dessus) lors de la sortie des chalets du 23 Juin 1991.<\/figcaption><\/figure><\/div>\n\n\n<p>DETRAZ G\u00e9rard,\u00a0\u00bbSix mille ans d\u2019histoire rurale, SEVRIER\u00a0\u00bb, des origines \u00e0 la seconde Guerre Mondiale,<br>M\u00e9moires et documents publi\u00e9s par l\u2019Acad\u00e9mie Sal\u00e9sienne, tome 101, 1995.[Un mod\u00e8le de monographie, par un ancien attach\u00e9 aux ADHS qui s\u2019inspire des m\u00e9thodes de Dufournet].<\/p>\n\n\n\n<p><\/p>\n\n\n\n<p>.<\/p>\n\n\n\n<pre class=\"wp-block-code\"><code>     <\/code><\/pre>\n\n\n<div class=\"wp-block-image\">\n<figure class=\"aligncenter size-full\"><img decoding=\"async\" loading=\"lazy\" width=\"453\" height=\"385\" src=\"https:\/\/azote.com\/wordpress\/wp-content\/uploads\/2023\/04\/image_1741.jpg\" alt=\"\" class=\"wp-image-322\" srcset=\"http:\/\/azote.com\/wordpress\/wp-content\/uploads\/2023\/04\/image_1741.jpg 453w, http:\/\/azote.com\/wordpress\/wp-content\/uploads\/2023\/04\/image_1741-300x255.jpg 300w\" sizes=\"(max-width: 453px) 100vw, 453px\" \/><figcaption class=\"wp-element-caption\"><em>lors de la sortie des chalets du 23 Juin 1991.<\/em><\/figcaption><\/figure><\/div>\n\n<div class=\"wp-block-image\">\n<figure class=\"alignleft size-full\"><img decoding=\"async\" loading=\"lazy\" width=\"92\" height=\"92\" src=\"https:\/\/azote.com\/wordpress\/wp-content\/uploads\/2023\/04\/telechargement-1.jpg\" alt=\"\" class=\"wp-image-323\"\/><\/figure><\/div>\n\n\n<p>A l&rsquo;instar de son blason qui se lit sans connaissance h\u00e9raldique particuli\u00e8re le territoire s&rsquo;\u00e9lance du rivage lacustre pour s&rsquo;\u00e9lever vers les contreforts du massif du Semnoz. \u00ab\u00a0Le tranch\u00e9 ond\u00e9, d&rsquo;argent et de gueules \u00e0 une boule d&rsquo;or \u00a0\u00bb l&rsquo;\u00e9cu renvoie aux couleurs de la Savoie. La partie \u00ab\u00a0gueules\u00a0\u00bb sch\u00e9matise la forme actuelle, toute en longueur partag\u00e9e en deux au fil du temps. C&rsquo;est encore vrai de nos jours avec la piste cyclable construite sur l&rsquo;ancienne voie ferr\u00e9e d&rsquo;int\u00e9r\u00eat local Annecy Ugine et l&rsquo;ex route nationale qui relie Bellegarde \u00e0 Albertville. Avec tout un chapelet de petits hameaux r\u00e9partis de part et d&rsquo;autre de cette \u00e9pine dorsale assimilable \u00e0 celle d&rsquo;un poisson. Cette situation semble en passe de changer avec le plan d&rsquo;am\u00e9nagement et de d\u00e9veloppement durable et les orientations des prochaines ann\u00e9es dans le cadre du plan local d&rsquo;urbanisme auquel les 3500 s\u00e9vriolains ont \u00e9t\u00e9 associ\u00e9. Mais qui \u00e9taient les premiers habitants ?<\/p>\n\n\n\n<p>Gr\u00e2ce aux travaux des arch\u00e9ologues et aux \u00e9tudes des sites immerg\u00e9s rep\u00e9r\u00e9s le si\u00e8cle dernier, les campagnes ont permis d&rsquo;\u00e9tablir les premi\u00e8res traces humaines. Elles remonteraient \u00e0 environ 6 000 ans. Sur les sites des Choseaux et aux Charreti\u00e8res, \u00e0 proximit\u00e9 du d\u00e9bouch\u00e9 du ruisseau de la Planche, l&rsquo;analyse au carbone 14 de l&rsquo;un des 23 pieux rep\u00e9r\u00e9s avance un \u00e2ge de 4 000 ans avant notre \u00e8re. A cette \u00e9poque les premiers villages lacustres sont \u00e9difi\u00e9s sur les rives. Les cabanes en bois couvertes d&rsquo;un toit de chaume \u00e9taient construites \u00e0 m\u00eame le sol ou mont\u00e9es sur pilotis pour \u00e9viter les crues du lac dont le niveau se situait plus bas qu&rsquo;actuellement. Leurs occupants vivaient de la p\u00eache et de la cueillette des fruits sauvages. Ils cultivaient des c\u00e9r\u00e9ales et \u00e9levaient du b\u00e9tail. Ces premiers groupes ont colonis\u00e9 le secteur au cours du troisi\u00e8me mill\u00e9naire consacr\u00e9 au n\u00e9olithique. Pour les si\u00e8cles suivants la d\u00e9t\u00e9rioration du climat semble avoir provoqu\u00e9 la hausse des eaux du lac conduisant ainsi \u00e0 un abandon des habitats riverains pendant la p\u00e9riode du Bronze. Aucune trace n&rsquo;indique de pr\u00e9sence humaine pendant 600 ans .Il y a environ 3 000 ans des sites se r\u00e9cr\u00e9ent avec l&rsquo;apparition d&rsquo;une m\u00e9tallurgie qualifi\u00e9e de florissante que les fouilles r\u00e9v\u00e8lent. Une haute ma\u00eetrise dans le coulage et la gravure du bronze et dans l&rsquo;art de la c\u00e9ramique caract\u00e9risent cette \u00e9poque qui conna\u00eet une nouvelle d\u00e9t\u00e9rioration climatique et l&rsquo;arriv\u00e9e de populations de cavaliers nomades d&rsquo;Europe centrale qui obligent les indig\u00e8nes \u00e0 se r\u00e9fugier dans les montagnes. Le rivage lacustre est alors d\u00e9laiss\u00e9 jusqu&rsquo;\u00e0 la p\u00e9riode gallo-romaine. A la fin du premier si\u00e8cle apr\u00e8s J.C, l&#8217;empire romain, apr\u00e8s la soumission des Allobroges, entame la construction de voies de communication pour poursuivre ses conqu\u00eates. La grande route imp\u00e9riale longe la rive ouest du lac d&rsquo;Annecy. Mise \u00e0 jour au Bessard, au chef-lieu, \u00e0 la Planche et au Brouillet elle est connue par une borne routi\u00e8re d\u00e9couverte dans le nant de la Cruse en 1816. Apr\u00e8s la bourgade de Boutae la voie s&rsquo;\u00e9levait pour gravir la Puya et redescendre par les Espagnoux vers Sevrier pour \u00e9viter ensuite les marais du secteur des Daudes. C&rsquo;est le trac\u00e9 de l&rsquo;ancienne route d&rsquo;Annecy avant que ne saute le verrou de la Puya. Lieu de passage le territoire r\u00e9v\u00e8le de nombreux vestiges. Batiments, fresques monnaies, statue etc\u2026 permettent d&rsquo;indiquer la pr\u00e9sence d&rsquo;une \u00ab\u00a0villa\u00a0\u00bb dont le ma\u00eetre donna vraisemblablement le nom de la commune. Sevrier d\u00e9riverait d&rsquo;un \u00ab\u00a0fundus s\u00e9riacus\u00a0\u00bb du nom d&rsquo;un domaine d&rsquo;un certain S\u00e9vere. Ce que conteste Guy D\u00e9traz qui pense que ce terme d\u00e9signe dans les textes m\u00e9di\u00e9vaux d\u00e9signe le village du chef-lieu. A la chute de l&#8217;empire romain les grandes invasions vont faire fuir les autochtones. Avant que de nouvelles traces d&rsquo;implantation n&rsquo;apparaissent sur les rives qui garderont leur aspect naturel jusqu&rsquo;\u00e0 la fin du XIXeme si\u00e8cle. Les marais seront alors drain\u00e9s et les berges endigu\u00e9es. Les p\u00eacheurs protesteront lors de la disparition des roseli\u00e8res, un milieu halieutique propice \u00e0 la reproduction du poisson. Les hameaux qui avaient tendance \u00e0 se tenir \u00e9loign\u00e9s des miasmes des rives se d\u00e9veloppent vers les coteaux. Les habitants s&#8217;emparent des ressources foresti\u00e8res pour vivre. Et puis la conqu\u00eate du littoral lacustre s&rsquo;amorce avec le tourisme des ann\u00e9es 1920 avant l&rsquo;explosion des ann\u00e9es 60 o\u00f9 l&rsquo;agriculture locale conna\u00eet un v\u00e9ritable recul. Du nord vers le sud on note l&rsquo;accroissement du nombre d&rsquo;habitants qui int\u00e8grent une urbanisation compos\u00e9e d&rsquo;habitats permanents qui va sensiblement modifier le paysage. De grandes familles lyonnaises vont aussi y \u00e9difier des r\u00e9sidences secondaires en bordure du lac donnant ainsi \u00e0 la commune une image nouvelle en contradiction avec l&rsquo;histoire rurale. De nombreux h\u00f4tels se sont construits recevant une client\u00e8le ais\u00e9e alors que parall\u00e8lement se d\u00e9roulait un tourisme associatif utilisant les multiples campings. A l&rsquo;heure actuelle la commune qui compte un nombre d&rsquo;associations remarquable par sa diversit\u00e9, accueille de nouvelles activit\u00e9s commerciales qui vont sans doute apporter une nouvelle vitalit\u00e9 que les \u00e9lus s&rsquo;attachent \u00e0 ma\u00eetriser.<\/p>\n\n\n\n<p>MF \u00a0\u00bb Dauphin\u00e9 Liber\u00e9\u00a0\u00bb<\/p>\n","protected":false},"excerpt":{"rendered":"<p>Un ouvrage de r\u00e9f\u00e9rence le livre de G\u00e9rard DETRAZ, membre regrett\u00e9 de notre Association. DETRAZ G\u00e9rard,\u00a0\u00bbSix mille ans d\u2019histoire rurale, SEVRIER\u00a0\u00bb, des origines \u00e0 la seconde Guerre Mondiale,M\u00e9moires et documents publi\u00e9s par l\u2019Acad\u00e9mie Sal\u00e9sienne, tome 101, 1995.[Un mod\u00e8le de monographie, par un ancien attach\u00e9 aux ADHS qui s\u2019inspire des m\u00e9thodes de Dufournet]. . A l&rsquo;instar &hellip; <a href=\"http:\/\/azote.com\/wordpress\/references\/\" class=\"more-link\">Continuer la lecture de <span class=\"screen-reader-text\">R\u00e9f\u00e9rences<\/span><\/a><\/p>\n","protected":false},"author":1,"featured_media":0,"parent":0,"menu_order":0,"comment_status":"closed","ping_status":"closed","template":"","meta":[],"_links":{"self":[{"href":"http:\/\/azote.com\/wordpress\/wp-json\/wp\/v2\/pages\/320"}],"collection":[{"href":"http:\/\/azote.com\/wordpress\/wp-json\/wp\/v2\/pages"}],"about":[{"href":"http:\/\/azote.com\/wordpress\/wp-json\/wp\/v2\/types\/page"}],"author":[{"embeddable":true,"href":"http:\/\/azote.com\/wordpress\/wp-json\/wp\/v2\/users\/1"}],"replies":[{"embeddable":true,"href":"http:\/\/azote.com\/wordpress\/wp-json\/wp\/v2\/comments?post=320"}],"version-history":[{"count":1,"href":"http:\/\/azote.com\/wordpress\/wp-json\/wp\/v2\/pages\/320\/revisions"}],"predecessor-version":[{"id":325,"href":"http:\/\/azote.com\/wordpress\/wp-json\/wp\/v2\/pages\/320\/revisions\/325"}],"wp:attachment":[{"href":"http:\/\/azote.com\/wordpress\/wp-json\/wp\/v2\/media?parent=320"}],"curies":[{"name":"wp","href":"https:\/\/api.w.org\/{rel}","templated":true}]}}