{"id":317,"date":"2023-04-12T18:38:42","date_gmt":"2023-04-12T16:38:42","guid":{"rendered":"https:\/\/azote.com\/wordpress\/?page_id=317"},"modified":"2023-04-12T18:38:42","modified_gmt":"2023-04-12T16:38:42","slug":"contacts-et-liens-utiles","status":"publish","type":"page","link":"http:\/\/azote.com\/wordpress\/contacts-et-liens-utiles\/","title":{"rendered":"Contacts et liens utiles"},"content":{"rendered":"\n<p>Pour nous contacter : envoyez un courriel \u00e0 cette adresse<\/p>\n\n\n\n<p><a href=\"mailto:leterroir@gmail.com\">leterroir@gmail.com<\/a><\/p>\n\n\n\n<figure class=\"wp-block-table\"><table><tbody><tr><td>Liens utiles :<\/td><\/tr><tr><td><a href=\"http:\/\/www.sevrier.fr\/\" target=\"_blank\" rel=\"noreferrer noopener\">Mairie de Sevrier<\/a><\/td><\/tr><tr><td>&nbsp;&nbsp;&nbsp;&nbsp;&nbsp;&nbsp;<\/td><\/tr><tr><td><a href=\"http:\/\/musique.sevrier.free.fr\/news.php?lng=fr\" target=\"_blank\" rel=\"noreferrer noopener\">Orchestre d&rsquo;harmonie de Sevrier<\/a><\/td><\/tr><tr><td><a href=\"http:\/\/www.echo-de-nos-montagnes.com\/\" target=\"_blank\" rel=\"noreferrer noopener\">Ecomus\u00e9e&nbsp;du lac d&rsquo;Annecy<\/a>&nbsp;&nbsp;<\/td><\/tr><tr><td><a href=\"http:\/\/lesamisduvieuxseynod.webnode.fr\/\" target=\"_blank\" rel=\"noreferrer noopener\">les amis du vieux Seynod<\/a><\/td><\/tr><tr><td><a href=\"http:\/\/www.marmotte.com\/\" target=\"_blank\" rel=\"noreferrer noopener\">Moteur de recherche Savoie, Haute Savoie<\/a><\/td><\/tr><tr><td><a href=\"http:\/\/www.annecytourisme.com\/\" target=\"_blank\" rel=\"noreferrer noopener\">Office de tourisme de l&rsquo;agglom\u00e9ration d&rsquo;Annecy<\/a>&nbsp;&nbsp;&nbsp;<\/td><\/tr><tr><td><a href=\"http:\/\/m.webcam-hd.com\/annecy-tourisme-imperial\/annecy-lac\" target=\"_blank\" rel=\"noreferrer noopener\">D\u00e9couvrir le lac webcams, panoramas<\/a><\/td><\/tr><tr><td><a href=\"http:\/\/www.les-randonnees-savoyardes.fr\/\" target=\"_blank\" rel=\"noreferrer noopener\">Randon\u00e9es Savoyardes<\/a><\/td><\/tr><\/tbody><\/table><\/figure>\n","protected":false},"excerpt":{"rendered":"<p>Pour nous contacter : envoyez un courriel \u00e0 cette adresse leterroir@gmail.com Liens utiles : Mairie de Sevrier &nbsp;&nbsp;&nbsp;&nbsp;&nbsp;&nbsp; Orchestre d&rsquo;harmonie de Sevrier Ecomus\u00e9e&nbsp;du lac d&rsquo;Annecy&nbsp;&nbsp; les amis du vieux Seynod Moteur de recherche Savoie, Haute Savoie Office de tourisme de l&rsquo;agglom\u00e9ration d&rsquo;Annecy&nbsp;&nbsp;&nbsp; D\u00e9couvrir le lac webcams, panoramas Randon\u00e9es Savoyardes<\/p>\n","protected":false},"author":1,"featured_media":0,"parent":0,"menu_order":0,"comment_status":"closed","ping_status":"closed","template":"","meta":[],"_links":{"self":[{"href":"http:\/\/azote.com\/wordpress\/wp-json\/wp\/v2\/pages\/317"}],"collection":[{"href":"http:\/\/azote.com\/wordpress\/wp-json\/wp\/v2\/pages"}],"about":[{"href":"http:\/\/azote.com\/wordpress\/wp-json\/wp\/v2\/types\/page"}],"author":[{"embeddable":true,"href":"http:\/\/azote.com\/wordpress\/wp-json\/wp\/v2\/users\/1"}],"replies":[{"embeddable":true,"href":"http:\/\/azote.com\/wordpress\/wp-json\/wp\/v2\/comments?post=317"}],"version-history":[{"count":1,"href":"http:\/\/azote.com\/wordpress\/wp-json\/wp\/v2\/pages\/317\/revisions"}],"predecessor-version":[{"id":319,"href":"http:\/\/azote.com\/wordpress\/wp-json\/wp\/v2\/pages\/317\/revisions\/319"}],"wp:attachment":[{"href":"http:\/\/azote.com\/wordpress\/wp-json\/wp\/v2\/media?parent=317"}],"curies":[{"name":"wp","href":"https:\/\/api.w.org\/{rel}","templated":true}]}}