{"id":308,"date":"2023-04-12T18:31:07","date_gmt":"2023-04-12T16:31:07","guid":{"rendered":"https:\/\/azote.com\/wordpress\/?page_id=308"},"modified":"2023-04-12T18:31:07","modified_gmt":"2023-04-12T16:31:07","slug":"le-sentier-de-letraz","status":"publish","type":"page","link":"http:\/\/azote.com\/wordpress\/le-sentier-de-letraz\/","title":{"rendered":"le sentier de L\u00e9traz"},"content":{"rendered":"\n<figure class=\"wp-block-image size-full\"><img decoding=\"async\" loading=\"lazy\" width=\"756\" height=\"987\" src=\"https:\/\/azote.com\/wordpress\/wp-content\/uploads\/2023\/04\/image_2041.jpg\" alt=\"\" class=\"wp-image-309\" srcset=\"http:\/\/azote.com\/wordpress\/wp-content\/uploads\/2023\/04\/image_2041.jpg 756w, http:\/\/azote.com\/wordpress\/wp-content\/uploads\/2023\/04\/image_2041-230x300.jpg 230w\" sizes=\"(max-width: 756px) 100vw, 756px\" \/><\/figure>\n\n\n\n<p><\/p>\n\n\n\n<p>Le d\u00e9part se situe au sommet de la route de la Chapelle, coordonn\u00e9es GPS N 45.8742 E 06.1396<\/p>\n\n\n\n<p>Chapelle datant de 1837 d\u00e9di\u00e9e \u00e0 ST Fran\u00e7ois de Sales, construite par le ma\u00e7on Jacques H\u00e9risson.<\/p>\n\n\n\n<p>Apr\u00e8s les 200 premiers m\u00e8tres de mont\u00e9e, le sentier est un long faux plat, traversant des bois clairsem\u00e9s.<\/p>\n\n\n\n<p>Autrefois ces terrains, plant\u00e9s de ch\u00e2taigniers \u00e9taient des pr\u00e9s de fauche, appel\u00e9s Les Teppes, Celles-ci se d\u00e9nommaient les Teppes des Vadios, qui en patois savoyard signifie \u00ab va dehors \u00bb. La ch\u00e2taigneraie de Sevrier s&rsquo;\u00e9tendait encore sur une surface de pr\u00e8s de 90 hectares dans les ann\u00e9es 1910. En fin d\u2019automne le soin de celle-ci n\u00e9cessitait le ramassage des fruits mais aussi feuilles qui en br\u00fblant d\u00e9gageaient une fum\u00e9e laquelle par temps froid avait du mal \u00e0 se dissiper. Mais le voisinage ne se plaignait pas, car la vue de parcelles bien entretenues, la saveur et le go\u00fbt des ch\u00e2taignes pendant les veill\u00e9es valaient bien quelques d\u00e9sagrements.<\/p>\n\n\n\n<p>Un bon sentier continu, bord\u00e9 de pierriers, permet d\u2019apercevoir les villages, \u00e0 l\u2019intersection du chemin venant du Cr\u00eat. On retrouve alors l\u2019itin\u00e9raire venant du village du Cr\u00eat. Coordonn\u00e9es GPS intersection des chemins N 45.8703\u00b0 E 06.1352\u00b0<\/p>\n\n\n\n<p>La pente devient plus soutenue, et apr\u00e8s quelques efforts pour effectuer les 140 m\u00e8tres de d\u00e9nivel\u00e9 restant, on atteint la Croix du Cr\u00eat. Coordonn\u00e9es GPS N 45.8690 E 06.1327<\/p>\n\n\n\n<p>Peut-\u00eatre avez-vous trouv\u00e9 la mont\u00e9e difficile ?<\/p>\n\n\n\n<p>En effet elle longe l\u2019ancien \u00ab jet \u00bb du Cr\u00eat, c\u2019est \u00e0 dire le couloir directement trac\u00e9 dans l\u2019axe de la pente o\u00f9 l\u2019on faisait glisser les troncs abattus l\u2019hiver pour les r\u00e9cup\u00e9rer pr\u00e8s des pistes foresti\u00e8res. Ce dangereux travail, obligeait les habitants du village du Cr\u00eat \u00e0 parcourir plusieurs fois dans la m\u00eame journ\u00e9e ce sentier, le sentier de La Croix\u2026\u2026 du Cr\u00eat !<\/p>\n\n\n\n<p>Vous pouvez retrouver sur notre site l\u2019histoire de la Croix du Cr\u00eat , l\u2019histoire des coupes de bois, et des ch\u00e2taignes !<\/p>\n\n\n\n<p>En continuant la mont\u00e9e, apr\u00e8s le point de vue, il est ais\u00e9 en 5 min. de retrouver le sentier de Cr\u00eate.<\/p>\n\n\n\n<figure class=\"wp-block-image size-full\"><img decoding=\"async\" loading=\"lazy\" width=\"763\" height=\"455\" src=\"https:\/\/azote.com\/wordpress\/wp-content\/uploads\/2023\/04\/image_2042.jpg\" alt=\"\" class=\"wp-image-310\" srcset=\"http:\/\/azote.com\/wordpress\/wp-content\/uploads\/2023\/04\/image_2042.jpg 763w, http:\/\/azote.com\/wordpress\/wp-content\/uploads\/2023\/04\/image_2042-300x179.jpg 300w\" sizes=\"(max-width: 763px) 100vw, 763px\" \/><\/figure>\n","protected":false},"excerpt":{"rendered":"<p>Le d\u00e9part se situe au sommet de la route de la Chapelle, coordonn\u00e9es GPS N 45.8742 E 06.1396 Chapelle datant de 1837 d\u00e9di\u00e9e \u00e0 ST Fran\u00e7ois de Sales, construite par le ma\u00e7on Jacques H\u00e9risson. Apr\u00e8s les 200 premiers m\u00e8tres de mont\u00e9e, le sentier est un long faux plat, traversant des bois clairsem\u00e9s. Autrefois ces terrains, &hellip; <a href=\"http:\/\/azote.com\/wordpress\/le-sentier-de-letraz\/\" class=\"more-link\">Continuer la lecture de <span class=\"screen-reader-text\">le sentier de L\u00e9traz<\/span><\/a><\/p>\n","protected":false},"author":1,"featured_media":0,"parent":0,"menu_order":0,"comment_status":"closed","ping_status":"closed","template":"","meta":[],"_links":{"self":[{"href":"http:\/\/azote.com\/wordpress\/wp-json\/wp\/v2\/pages\/308"}],"collection":[{"href":"http:\/\/azote.com\/wordpress\/wp-json\/wp\/v2\/pages"}],"about":[{"href":"http:\/\/azote.com\/wordpress\/wp-json\/wp\/v2\/types\/page"}],"author":[{"embeddable":true,"href":"http:\/\/azote.com\/wordpress\/wp-json\/wp\/v2\/users\/1"}],"replies":[{"embeddable":true,"href":"http:\/\/azote.com\/wordpress\/wp-json\/wp\/v2\/comments?post=308"}],"version-history":[{"count":1,"href":"http:\/\/azote.com\/wordpress\/wp-json\/wp\/v2\/pages\/308\/revisions"}],"predecessor-version":[{"id":312,"href":"http:\/\/azote.com\/wordpress\/wp-json\/wp\/v2\/pages\/308\/revisions\/312"}],"wp:attachment":[{"href":"http:\/\/azote.com\/wordpress\/wp-json\/wp\/v2\/media?parent=308"}],"curies":[{"name":"wp","href":"https:\/\/api.w.org\/{rel}","templated":true}]}}