{"id":303,"date":"2023-04-12T18:29:27","date_gmt":"2023-04-12T16:29:27","guid":{"rendered":"https:\/\/azote.com\/wordpress\/?page_id=303"},"modified":"2023-04-12T18:29:27","modified_gmt":"2023-04-12T16:29:27","slug":"le-sentier-des-marechaux","status":"publish","type":"page","link":"http:\/\/azote.com\/wordpress\/le-sentier-des-marechaux\/","title":{"rendered":"le sentier des Mar\u00e9chaux"},"content":{"rendered":"\n<p>Le d\u00e9part de ce sentier se situe au parking de la Poste de Sevrier. coordonn\u00e9es GPS N 45.8633\u00b0 E 06.1404\u00b0<\/p>\n\n\n\n<figure class=\"wp-block-image size-full\"><img decoding=\"async\" loading=\"lazy\" width=\"753\" height=\"485\" src=\"https:\/\/azote.com\/wordpress\/wp-content\/uploads\/2023\/04\/image_2037.jpg\" alt=\"\" class=\"wp-image-304\" srcset=\"http:\/\/azote.com\/wordpress\/wp-content\/uploads\/2023\/04\/image_2037.jpg 753w, http:\/\/azote.com\/wordpress\/wp-content\/uploads\/2023\/04\/image_2037-300x193.jpg 300w\" sizes=\"(max-width: 753px) 100vw, 753px\" \/><\/figure>\n\n\n\n<p><\/p>\n\n\n\n<p>En face de ce parking se trouve Le Four \u00e0 Pain construit par notre association et inaugur\u00e9 le 13 octobre 2002. Celui-ci fonctionne plusieurs fois par an notamment le deuxi\u00e8me dimanche du mois d\u2019octobre pour la f\u00eate du bidoyon.<\/p>\n\n\n\n<p>On emprunte alors le Chemin de la Grotte sur une distance de 250 m pour apercevoir sur le c\u00f4t\u00e9 gauche,<\/p>\n\n\n\n<p>La Grotte d\u00e9di\u00e9e \u00e0 la Ste Vierge datant de 1900, construite par les Sevriolains.<\/p>\n\n\n\n<p>En continuant encore 200 m sur cette route goudronn\u00e9e alors que la pente devient faible, l\u2019itin\u00e9raire utilise un sentier qui entre dans la for\u00eat sur la gauche. On entreprend la mont\u00e9e pour atteindre le sentier de Cr\u00eate, en passant pr\u00e8s d\u2019un r\u00e9servoir d\u2019eau.<\/p>\n\n\n\n<p>Datant de 1930, d\u2019une contenance de 240 m\u00e8tres cubes, situ\u00e9 \u00e0 543m d\u2019altitude, il fut utilis\u00e9 pour stocker par pompage les eaux de la source de la Liaz, pr\u00e8s de l\u2019actuel terrain de sport c\u00f4t\u00e9 nord de la Route des Avollions.<\/p>\n\n\n\n<p>Sans aucune difficult\u00e9, la mont\u00e9e est r\u00e9guli\u00e8re et le sentier bien marqu\u00e9, pour passer de l\u2019altitude de 530m \u00e0 780m o\u00f9 se situe le sentier de Cr\u00eate.<\/p>\n\n\n\n<p>Ce sentier reliant Sevrier aux Puisots est l\u2019un des seuls ne portant pas le nom d\u2019un village sevrolain. Selon la tradition orale recueillie aupr\u00e8s des \u00ab\u00a0anciens\u00a0\u00bb l&rsquo;appelation \u00ab\u00a0MARECHAUX\u00a0\u00bb aurait pour origine le surnom d&rsquo;une famille FALCONNET dite \u00ab\u00a0Mar\u00e9chaux\u00a0\u00bb aujourd&rsquo;hui \u00e9teinte, dont l&rsquo;habitation se situait en bordure de l&rsquo;actuel Chemin de la Grotte. Certains membres de cette famille exer\u00e7aient aux 18\u00e8me et 19\u00e9me si\u00e8cles l&rsquo;activit\u00e9 de mar\u00e9chal-ferrant, d&rsquo;o\u00f9 l&rsquo;appellation \u00ab\u00a0Mar\u00e9chaux\u00a0\u00bb. Ce sentier a toujours \u00e9t\u00e9 le plus utilis\u00e9 par les Sevriolains pour se rendre aux Puisots. Chaque \u00e9l\u00e8ve de l\u2019\u00e9cole communale l\u2019a d\u00e9couvert au cours de sa scolarit\u00e9 pour une sortie p\u00e9dagogique ou de fin d\u2019ann\u00e9e.<\/p>\n\n\n\n<p>Une fois atteint le sentier de Cr\u00eate en continuant en direction des Puisots sur une centaine de m\u00e8tres, le sentier des Mar\u00e9chaux emprunte alors une piste foresti\u00e8re en mauvais \u00e9tat, relativement plate. Il faut ensuite traverser une piste foresti\u00e8re bien entretenue, et parcourir les 100 derniers m\u00e8tres dans un bois clairsem\u00e9 pour se retrouver dans les pr\u00e9s des Puisots pr\u00e8s d\u2019un centre de vacances. (Point d\u2019eau, WC, Restaurant ) coordonn\u00e9es GPS N 45.8654\u00b0 E 06.1223\u00b0<\/p>\n\n\n\n<p>Certains s\u2019\u00e9tonneront de trouver de grands pr\u00e9s \u00e0 cette altitude. Les Puisots est un village de la commune d\u2019Annecy o\u00f9 r\u00e9sidaient \u00e0 l\u2019ann\u00e9e quelques habitants. Ceux-ci de par leur activit\u00e9 se sentaient plus proches des sevriolains que des ann\u00e9ciens et utilisaient aussi ce sentier pour aller se ravitailler \u00e0 Sevrier. H\u00e9las cette occupation connut une fin tragique le 15 juin 1944 quand allemands et miliciens incendi\u00e8rent les maisons dans lesquelles p\u00e9rirent des r\u00e9sistants et des habitants. Quelques vestiges d\u2019une maison sont encore visibles situ\u00e9s en face d\u2019un monument \u00e9voquant ce tragique pass\u00e9.<\/p>\n\n\n\n<figure class=\"wp-block-image size-full\"><img decoding=\"async\" loading=\"lazy\" width=\"758\" height=\"358\" src=\"https:\/\/azote.com\/wordpress\/wp-content\/uploads\/2023\/04\/image_2039.jpg\" alt=\"\" class=\"wp-image-305\" srcset=\"http:\/\/azote.com\/wordpress\/wp-content\/uploads\/2023\/04\/image_2039.jpg 758w, http:\/\/azote.com\/wordpress\/wp-content\/uploads\/2023\/04\/image_2039-300x142.jpg 300w\" sizes=\"(max-width: 758px) 100vw, 758px\" \/><\/figure>\n","protected":false},"excerpt":{"rendered":"<p>Le d\u00e9part de ce sentier se situe au parking de la Poste de Sevrier. coordonn\u00e9es GPS N 45.8633\u00b0 E 06.1404\u00b0 En face de ce parking se trouve Le Four \u00e0 Pain construit par notre association et inaugur\u00e9 le 13 octobre 2002. Celui-ci fonctionne plusieurs fois par an notamment le deuxi\u00e8me dimanche du mois d\u2019octobre pour &hellip; <a href=\"http:\/\/azote.com\/wordpress\/le-sentier-des-marechaux\/\" class=\"more-link\">Continuer la lecture de <span class=\"screen-reader-text\">le sentier des Mar\u00e9chaux<\/span><\/a><\/p>\n","protected":false},"author":1,"featured_media":0,"parent":0,"menu_order":0,"comment_status":"closed","ping_status":"closed","template":"","meta":[],"_links":{"self":[{"href":"http:\/\/azote.com\/wordpress\/wp-json\/wp\/v2\/pages\/303"}],"collection":[{"href":"http:\/\/azote.com\/wordpress\/wp-json\/wp\/v2\/pages"}],"about":[{"href":"http:\/\/azote.com\/wordpress\/wp-json\/wp\/v2\/types\/page"}],"author":[{"embeddable":true,"href":"http:\/\/azote.com\/wordpress\/wp-json\/wp\/v2\/users\/1"}],"replies":[{"embeddable":true,"href":"http:\/\/azote.com\/wordpress\/wp-json\/wp\/v2\/comments?post=303"}],"version-history":[{"count":1,"href":"http:\/\/azote.com\/wordpress\/wp-json\/wp\/v2\/pages\/303\/revisions"}],"predecessor-version":[{"id":307,"href":"http:\/\/azote.com\/wordpress\/wp-json\/wp\/v2\/pages\/303\/revisions\/307"}],"wp:attachment":[{"href":"http:\/\/azote.com\/wordpress\/wp-json\/wp\/v2\/media?parent=303"}],"curies":[{"name":"wp","href":"https:\/\/api.w.org\/{rel}","templated":true}]}}