{"id":296,"date":"2023-04-12T18:27:30","date_gmt":"2023-04-12T16:27:30","guid":{"rendered":"https:\/\/azote.com\/wordpress\/?page_id=296"},"modified":"2023-04-12T18:27:30","modified_gmt":"2023-04-12T16:27:30","slug":"randonnees","status":"publish","type":"page","link":"http:\/\/azote.com\/wordpress\/randonnees\/","title":{"rendered":"Randonn\u00e9es"},"content":{"rendered":"\n<p><em><strong>Pour que votre sortie soit agr\u00e9able ne pas oublier de suivre les recommandations habituelles concernant la s\u00e9curit\u00e9, les saisons, les horaires, l&rsquo;alimentation, le balisage, l&rsquo;environnement &#8230;<\/strong><\/em><\/p>\n\n\n\n<p class=\"has-small-font-size\">Ne partez jamais seul.<br>Pr\u00e9venez de votre d\u00e9part et du lieu de votre randonn\u00e9e.<br>Une carte pr\u00e9cise de randonn\u00e9e est fortement conseill\u00e9e.<br>Le temps change tr\u00e8s vite en montagne, pr\u00e9voyez un sac \u00e0 dos avec gourde, v\u00eatements chauds et de pluie, et quelques provisions.<br>Adaptez les randonn\u00e9es \u00e0 vos capacit\u00e9s physiques.<br>Attention aux passages d\u00e9licats.<br>Ne laissez pas de trace de votre passage, redescendez vos poubelles dans la vall\u00e9e pour garder la montagne propre.<br>Ne cueillez pas de fleurs, certaines sont rares et prot\u00e9g\u00e9es.<br>Tenez votre chien en laisse. (attention! dans certains p\u00e2turages ils sont interdits)<br>Ne d\u00e9rangez pas les animaux sauvages, m\u00eame pour les photographier.<br>acc\u00e8s au site \u00ab\u00a0<a href=\"https:\/\/www.les-randonnees-savoyardes.fr\/\" data-type=\"URL\" data-id=\"https:\/\/www.les-randonnees-savoyardes.fr\/\">Randonn\u00e9es Savoyardes<\/a>\u00ab\u00a0<\/p>\n\n\n\n<p>La r\u00e9alisation de ces ballades a \u00e9t\u00e9 faite avec la plus grande attention, et en cas d&rsquo;erreurs, d&rsquo;omissions \u2026, la responsabilit\u00e9 de l&rsquo;association ne saurait \u00eatre engag\u00e9e.<br><\/p>\n\n\n\n<p>Acc\u00e8s aux parcours propos\u00e9s par les amis du terroir :<\/p>\n\n\n\n<p>circuit des 3 croix.<br>le sentier des Mar\u00e9chaux<br>le sentier de L\u00e9traz<\/p>\n\n\n\n<figure class=\"wp-block-image size-large\"><img decoding=\"async\" loading=\"lazy\" width=\"1024\" height=\"457\" src=\"https:\/\/azote.com\/wordpress\/wp-content\/uploads\/2023\/04\/image_659-1024x457.jpg\" alt=\"\" class=\"wp-image-297\" srcset=\"http:\/\/azote.com\/wordpress\/wp-content\/uploads\/2023\/04\/image_659-1024x457.jpg 1024w, http:\/\/azote.com\/wordpress\/wp-content\/uploads\/2023\/04\/image_659-300x134.jpg 300w, http:\/\/azote.com\/wordpress\/wp-content\/uploads\/2023\/04\/image_659-768x342.jpg 768w, http:\/\/azote.com\/wordpress\/wp-content\/uploads\/2023\/04\/image_659.jpg 1211w\" sizes=\"(max-width: 1024px) 100vw, 1024px\" \/><\/figure>\n\n\n\n<p>Les amis du terroir sont tr\u00e8s attach\u00e9s \u00e0 ces sites, car leurs b\u00e9n\u00e9voles sont intervenus sur la fabrication, la mise en place et la r\u00e9habilitation de ces croix, telles que la Croix du Cr\u00eat et la Croix du chef lieu.<\/p>\n\n\n<div class=\"wp-block-image\">\n<figure class=\"aligncenter size-full\"><img decoding=\"async\" loading=\"lazy\" width=\"300\" height=\"225\" src=\"https:\/\/azote.com\/wordpress\/wp-content\/uploads\/2023\/04\/image_658.jpg\" alt=\"\" class=\"wp-image-298\"\/><\/figure><\/div>\n\n<div class=\"wp-block-image\">\n<figure class=\"aligncenter size-full\"><img decoding=\"async\" loading=\"lazy\" width=\"300\" height=\"225\" src=\"https:\/\/azote.com\/wordpress\/wp-content\/uploads\/2023\/04\/image_657.jpg\" alt=\"\" class=\"wp-image-299\"\/><\/figure><\/div>\n\n<div class=\"wp-block-image\">\n<figure class=\"aligncenter size-full\"><img decoding=\"async\" loading=\"lazy\" width=\"300\" height=\"225\" src=\"https:\/\/azote.com\/wordpress\/wp-content\/uploads\/2023\/04\/image_655.jpg\" alt=\"\" class=\"wp-image-300\"\/><\/figure><\/div>\n\n\n<p>De beaux sentiers balis\u00e9s vous conduiront dans les sous bois, vous d\u00e9couvrirez les diff\u00e9rentes essences d&rsquo;arbres d&rsquo;une belle for\u00eat.<\/p>\n\n\n\n<p>Lors de vos pauses, vous pourrez admirer des vues imprenables.<\/p>\n","protected":false},"excerpt":{"rendered":"<p>Pour que votre sortie soit agr\u00e9able ne pas oublier de suivre les recommandations habituelles concernant la s\u00e9curit\u00e9, les saisons, les horaires, l&rsquo;alimentation, le balisage, l&rsquo;environnement &#8230; Ne partez jamais seul.Pr\u00e9venez de votre d\u00e9part et du lieu de votre randonn\u00e9e.Une carte pr\u00e9cise de randonn\u00e9e est fortement conseill\u00e9e.Le temps change tr\u00e8s vite en montagne, pr\u00e9voyez un sac &hellip; <a href=\"http:\/\/azote.com\/wordpress\/randonnees\/\" class=\"more-link\">Continuer la lecture de <span class=\"screen-reader-text\">Randonn\u00e9es<\/span><\/a><\/p>\n","protected":false},"author":1,"featured_media":0,"parent":0,"menu_order":0,"comment_status":"closed","ping_status":"closed","template":"","meta":[],"_links":{"self":[{"href":"http:\/\/azote.com\/wordpress\/wp-json\/wp\/v2\/pages\/296"}],"collection":[{"href":"http:\/\/azote.com\/wordpress\/wp-json\/wp\/v2\/pages"}],"about":[{"href":"http:\/\/azote.com\/wordpress\/wp-json\/wp\/v2\/types\/page"}],"author":[{"embeddable":true,"href":"http:\/\/azote.com\/wordpress\/wp-json\/wp\/v2\/users\/1"}],"replies":[{"embeddable":true,"href":"http:\/\/azote.com\/wordpress\/wp-json\/wp\/v2\/comments?post=296"}],"version-history":[{"count":1,"href":"http:\/\/azote.com\/wordpress\/wp-json\/wp\/v2\/pages\/296\/revisions"}],"predecessor-version":[{"id":302,"href":"http:\/\/azote.com\/wordpress\/wp-json\/wp\/v2\/pages\/296\/revisions\/302"}],"wp:attachment":[{"href":"http:\/\/azote.com\/wordpress\/wp-json\/wp\/v2\/media?parent=296"}],"curies":[{"name":"wp","href":"https:\/\/api.w.org\/{rel}","templated":true}]}}