{"id":292,"date":"2023-04-12T18:18:54","date_gmt":"2023-04-12T16:18:54","guid":{"rendered":"https:\/\/azote.com\/wordpress\/?page_id=292"},"modified":"2023-04-12T18:18:54","modified_gmt":"2023-04-12T16:18:54","slug":"des-artistes-oublies","status":"publish","type":"page","link":"http:\/\/azote.com\/wordpress\/des-artistes-oublies\/","title":{"rendered":"Des artistes oubli\u00e9s"},"content":{"rendered":"\n<p><strong>Henri PERROT<\/strong><\/p>\n\n\n<div class=\"wp-block-image\">\n<figure class=\"aligncenter size-large is-resized\"><img decoding=\"async\" loading=\"lazy\" src=\"http:\/\/azote.com\/wordpress\/wp-content\/uploads\/2023\/04\/image_3438-1024x578.jpg\" alt=\"\" class=\"wp-image-286\" width=\"592\" height=\"334\" srcset=\"http:\/\/azote.com\/wordpress\/wp-content\/uploads\/2023\/04\/image_3438-1024x578.jpg 1024w, http:\/\/azote.com\/wordpress\/wp-content\/uploads\/2023\/04\/image_3438-300x169.jpg 300w, http:\/\/azote.com\/wordpress\/wp-content\/uploads\/2023\/04\/image_3438-768x434.jpg 768w, http:\/\/azote.com\/wordpress\/wp-content\/uploads\/2023\/04\/image_3438-1536x867.jpg 1536w, http:\/\/azote.com\/wordpress\/wp-content\/uploads\/2023\/04\/image_3438.jpg 1661w\" sizes=\"(max-width: 592px) 100vw, 592px\" \/><\/figure><\/div>\n\n\n<p>La chapelle de L\u00e9traz n\u2019a pas connu que des gens fervents et respectueux.<\/p>\n\n\n\n<p>En 1983 elle re\u00e7ut la visite de voleurs qui ont d\u00e9rob\u00e9 un tableau de St Fran\u00e7ois de Sales, et une vierge en bois sculpt\u00e9 dor\u00e9 \u00e0 l\u2019or fin.<\/p>\n\n\n\n<p>Henri Perrot voisin de la chapelle mis tout son talent et son d\u00e9vouement pour combler ce manque en r\u00e9alisant une vierge en noyer massif.<\/p>\n\n\n\n<p><strong>Etienne FALCONNET<\/strong><\/p>\n\n\n<div class=\"wp-block-image\">\n<figure class=\"aligncenter size-full\"><img decoding=\"async\" loading=\"lazy\" width=\"239\" height=\"211\" src=\"https:\/\/azote.com\/wordpress\/wp-content\/uploads\/2023\/04\/telechargement.jpg\" alt=\"\" class=\"wp-image-293\"\/><\/figure><\/div>\n\n\n<p>Le p\u00e8re d\u2019Etienne, menuisier \u00e0 Paris \u00e9tait originaire de Sevrier.<\/p>\n\n\n\n<p>Etienne Falconnet (1716-1891) a r\u00e9alis\u00e9 la statue \u00e9questre de Pierre le Grand qui se dresse sur la place du S\u00e9nat \u00e0 St P\u00e9tersbourg<\/p>\n\n\n\n<p><strong>Pierre GURRET<\/strong><\/p>\n\n\n\n<p>La Savoie a fait partie de la France de 1792 \u00e0 1815.<\/p>\n\n\n\n<p>Pierre, n\u00e9 le 13\/02\/1791 participe \u00e0 la campagne de Russie men\u00e9e par Napol\u00e9on au printemps 1812. Il restera quelques ann\u00e9es dans une famille bourgeoise russe comme pr\u00e9cepteur et professeur de fran\u00e7ais.<\/p>\n\n\n\n<p>A la fin du 19 si\u00e8cle le fran\u00e7ais \u00e9tait devenu la langue officielle de la cour de Russie. Quelques noms de rues de Moscou et de ST P\u00e9tersbourg \u00e9taient inscrits en fran\u00e7ais.<\/p>\n\n\n\n<p>Pierre GURRET, l&rsquo;un de ses descendants,qui vivait au Cr\u00eat, sans doute par nostalgie et attachement \u00e0 son anc\u00eatre, \u00e9tait toujours v\u00eatu en bougeois, et les gens l&rsquo;appelait Napol\u00e9on.<\/p>\n","protected":false},"excerpt":{"rendered":"<p>Henri PERROT La chapelle de L\u00e9traz n\u2019a pas connu que des gens fervents et respectueux. En 1983 elle re\u00e7ut la visite de voleurs qui ont d\u00e9rob\u00e9 un tableau de St Fran\u00e7ois de Sales, et une vierge en bois sculpt\u00e9 dor\u00e9 \u00e0 l\u2019or fin. Henri Perrot voisin de la chapelle mis tout son talent et son &hellip; <a href=\"http:\/\/azote.com\/wordpress\/des-artistes-oublies\/\" class=\"more-link\">Continuer la lecture de <span class=\"screen-reader-text\">Des artistes oubli\u00e9s<\/span><\/a><\/p>\n","protected":false},"author":1,"featured_media":0,"parent":0,"menu_order":0,"comment_status":"closed","ping_status":"closed","template":"","meta":[],"_links":{"self":[{"href":"http:\/\/azote.com\/wordpress\/wp-json\/wp\/v2\/pages\/292"}],"collection":[{"href":"http:\/\/azote.com\/wordpress\/wp-json\/wp\/v2\/pages"}],"about":[{"href":"http:\/\/azote.com\/wordpress\/wp-json\/wp\/v2\/types\/page"}],"author":[{"embeddable":true,"href":"http:\/\/azote.com\/wordpress\/wp-json\/wp\/v2\/users\/1"}],"replies":[{"embeddable":true,"href":"http:\/\/azote.com\/wordpress\/wp-json\/wp\/v2\/comments?post=292"}],"version-history":[{"count":1,"href":"http:\/\/azote.com\/wordpress\/wp-json\/wp\/v2\/pages\/292\/revisions"}],"predecessor-version":[{"id":295,"href":"http:\/\/azote.com\/wordpress\/wp-json\/wp\/v2\/pages\/292\/revisions\/295"}],"wp:attachment":[{"href":"http:\/\/azote.com\/wordpress\/wp-json\/wp\/v2\/media?parent=292"}],"curies":[{"name":"wp","href":"https:\/\/api.w.org\/{rel}","templated":true}]}}