{"id":289,"date":"2023-04-12T18:15:54","date_gmt":"2023-04-12T16:15:54","guid":{"rendered":"https:\/\/azote.com\/wordpress\/?page_id=289"},"modified":"2023-04-12T18:15:54","modified_gmt":"2023-04-12T16:15:54","slug":"des-marcheurs-temeraires","status":"publish","type":"page","link":"http:\/\/azote.com\/wordpress\/des-marcheurs-temeraires\/","title":{"rendered":"Des marcheurs t\u00e9m\u00e8raires"},"content":{"rendered":"\n<p><strong>Pierre FALCONNET<\/strong><\/p>\n\n\n\n<p>Le 8 f\u00e9vrier 1573 Pierre Falconnet de L\u2019Estraz mesura la largeur du lac entre la Chapelle St Martin de Sevrier et la Coll\u00e9giale de Veyrier.<\/p>\n\n\n\n<p>Il traversa le lac \u00e0 pied car celui-ci \u00e9tait gel\u00e9, et trouva une longueur de 2431 aunes<\/p>\n\n\n\n<p>L\u2019aune \u00e9tait une unit\u00e9 de mesure sup\u00e9rieure au m\u00e8tre et diff\u00e9rente dans chaque r\u00e9gion de France jusqu\u2019en 1834. La longueur la plus usit\u00e9 correspondant \u00e0 une aune<sup>(1)<\/sup> est de 1,191m (ancienne mesure supprim\u00e9e en 1840)<\/p>\n\n\n\n<p class=\"has-small-font-size\">(1) L&rsquo;aune est une unit\u00e9 de mesure de longueur ancienne. Elle mesure toujours quatre pieds, soit deux tiers d&rsquo;une toise. Trois aunes \u00e9galent aussi quatre verges, soit douze pieds. La moiti\u00e9 de l&rsquo;aune est la coud\u00e9e nubienne.<\/p>\n\n\n\n<p><strong>Jean Marie FALCONNET, Fran\u00e7ois GURRET, Eug\u00e8ne GURRET<\/strong><\/p>\n\n\n\n<p>Le lac gela enti\u00e8rement durant l\u2019hiver 1890-1891, situation id\u00e9ale pour que Jean Marie Falconnet accompagn\u00e9 par Fran\u00e7ois et Eug\u00e8ne Gurret (1856-1945), renouvelle la travers\u00e9e faite par un de ces ascendants 300 ans plut\u00f4t.<\/p>\n","protected":false},"excerpt":{"rendered":"<p>Pierre FALCONNET Le 8 f\u00e9vrier 1573 Pierre Falconnet de L\u2019Estraz mesura la largeur du lac entre la Chapelle St Martin de Sevrier et la Coll\u00e9giale de Veyrier. Il traversa le lac \u00e0 pied car celui-ci \u00e9tait gel\u00e9, et trouva une longueur de 2431 aunes L\u2019aune \u00e9tait une unit\u00e9 de mesure sup\u00e9rieure au m\u00e8tre et diff\u00e9rente &hellip; <a href=\"http:\/\/azote.com\/wordpress\/des-marcheurs-temeraires\/\" class=\"more-link\">Continuer la lecture de <span class=\"screen-reader-text\">Des marcheurs t\u00e9m\u00e8raires<\/span><\/a><\/p>\n","protected":false},"author":1,"featured_media":0,"parent":0,"menu_order":0,"comment_status":"closed","ping_status":"closed","template":"","meta":[],"_links":{"self":[{"href":"http:\/\/azote.com\/wordpress\/wp-json\/wp\/v2\/pages\/289"}],"collection":[{"href":"http:\/\/azote.com\/wordpress\/wp-json\/wp\/v2\/pages"}],"about":[{"href":"http:\/\/azote.com\/wordpress\/wp-json\/wp\/v2\/types\/page"}],"author":[{"embeddable":true,"href":"http:\/\/azote.com\/wordpress\/wp-json\/wp\/v2\/users\/1"}],"replies":[{"embeddable":true,"href":"http:\/\/azote.com\/wordpress\/wp-json\/wp\/v2\/comments?post=289"}],"version-history":[{"count":1,"href":"http:\/\/azote.com\/wordpress\/wp-json\/wp\/v2\/pages\/289\/revisions"}],"predecessor-version":[{"id":291,"href":"http:\/\/azote.com\/wordpress\/wp-json\/wp\/v2\/pages\/289\/revisions\/291"}],"wp:attachment":[{"href":"http:\/\/azote.com\/wordpress\/wp-json\/wp\/v2\/media?parent=289"}],"curies":[{"name":"wp","href":"https:\/\/api.w.org\/{rel}","templated":true}]}}