{"id":285,"date":"2023-04-12T18:13:25","date_gmt":"2023-04-12T16:13:25","guid":{"rendered":"https:\/\/azote.com\/wordpress\/?page_id=285"},"modified":"2023-04-12T18:13:25","modified_gmt":"2023-04-12T16:13:25","slug":"des-sevriolains-memorables","status":"publish","type":"page","link":"http:\/\/azote.com\/wordpress\/des-sevriolains-memorables\/","title":{"rendered":"Des Sevriolains m\u00e9morables"},"content":{"rendered":"<div class=\"wp-block-image\">\n<figure class=\"aligncenter size-large\"><img decoding=\"async\" loading=\"lazy\" width=\"1024\" height=\"578\" src=\"https:\/\/azote.com\/wordpress\/wp-content\/uploads\/2023\/04\/image_3438-1024x578.jpg\" alt=\"\" class=\"wp-image-286\" srcset=\"http:\/\/azote.com\/wordpress\/wp-content\/uploads\/2023\/04\/image_3438-1024x578.jpg 1024w, http:\/\/azote.com\/wordpress\/wp-content\/uploads\/2023\/04\/image_3438-300x169.jpg 300w, http:\/\/azote.com\/wordpress\/wp-content\/uploads\/2023\/04\/image_3438-768x434.jpg 768w, http:\/\/azote.com\/wordpress\/wp-content\/uploads\/2023\/04\/image_3438-1536x867.jpg 1536w, http:\/\/azote.com\/wordpress\/wp-content\/uploads\/2023\/04\/image_3438.jpg 1661w\" sizes=\"(max-width: 1024px) 100vw, 1024px\" \/><\/figure><\/div>\n\n\n<p>Des marcheurs t\u00e9m\u00e9raires !<br>Des artistes oubli\u00e9s<\/p>\n","protected":false},"excerpt":{"rendered":"<p>Des marcheurs t\u00e9m\u00e9raires !Des artistes oubli\u00e9s<\/p>\n","protected":false},"author":1,"featured_media":0,"parent":0,"menu_order":0,"comment_status":"closed","ping_status":"closed","template":"","meta":[],"_links":{"self":[{"href":"http:\/\/azote.com\/wordpress\/wp-json\/wp\/v2\/pages\/285"}],"collection":[{"href":"http:\/\/azote.com\/wordpress\/wp-json\/wp\/v2\/pages"}],"about":[{"href":"http:\/\/azote.com\/wordpress\/wp-json\/wp\/v2\/types\/page"}],"author":[{"embeddable":true,"href":"http:\/\/azote.com\/wordpress\/wp-json\/wp\/v2\/users\/1"}],"replies":[{"embeddable":true,"href":"http:\/\/azote.com\/wordpress\/wp-json\/wp\/v2\/comments?post=285"}],"version-history":[{"count":1,"href":"http:\/\/azote.com\/wordpress\/wp-json\/wp\/v2\/pages\/285\/revisions"}],"predecessor-version":[{"id":288,"href":"http:\/\/azote.com\/wordpress\/wp-json\/wp\/v2\/pages\/285\/revisions\/288"}],"wp:attachment":[{"href":"http:\/\/azote.com\/wordpress\/wp-json\/wp\/v2\/media?parent=285"}],"curies":[{"name":"wp","href":"https:\/\/api.w.org\/{rel}","templated":true}]}}