{"id":23,"date":"2017-05-23T17:33:48","date_gmt":"2017-05-23T15:33:48","guid":{"rendered":"http:\/\/azote.com\/wordpress\/?page_id=23"},"modified":"2023-04-07T16:29:06","modified_gmt":"2023-04-07T14:29:06","slug":"a-propos","status":"publish","type":"page","link":"http:\/\/azote.com\/wordpress\/a-propos\/","title":{"rendered":"A propos"},"content":{"rendered":"<div id=\"TheTexte\" class=\"Texte\" lang=\"zxx\">\n<div align=\"left\"><span style=\"font-family: Arial, Helvetica, sans-serif;\"><b><span style=\"color: #000000;\"><span style=\"font-size: large;\">Tout commen\u00e7a le samedi 12 Octobre 1987, apr\u00e8s-midi sur\u00a0<\/span><span style=\"font-size: large;\">le parking de l&rsquo;H\u00f4tel du Lac Bleu \u00e0 Sevrier.<\/span><\/span><\/b><\/span><\/div>\n<p><span style=\"color: #000000; font-family: Arial; font-size: large;\">Les Anciens Sevriolains se r\u00e9unirent pour produire du jus de pomme \u00e0 l&rsquo;ancienne, le bidoyon. Sous l&rsquo;impulsion de passionn\u00e9s de leur terroir, de nombreux habitants se rassembl\u00e8rent pour faire conna\u00eetre des traditions qui s&rsquo;\u00e9teignaient avec la profonde mutation de notre commune.<\/span><\/p>\n<p><span style=\"color: #000000;\"><span style=\"font-size: large;\"><span style=\"font-family: Arial;\">D\u00e9\u00e7ues de voir une partie de leur histoire dispara\u00eetre, de nombreuses personnes, issues en majorit\u00e9 du monde rural et artisanal sevriolain cr\u00e9ent en\u00a0<u>janvier 1991<\/u>, l&rsquo;association\u00a0des Amis du Terroir qui a pour vocation :<\/span><\/span><\/span><\/p>\n<p><span style=\"color: #000000;\"><span style=\"font-size: large;\"><span style=\"font-family: Arial;\">\u00ab La Sauvegarde du Patrimoine Sevriolain par la pr\u00e9servation et la conservation des objets, meubles et outils divers l\u00e9gu\u00e9s par les anciennes g\u00e9n\u00e9rations, la m\u00e9moire des usages, des coutumes et du langage afin d\u2019apporter \u00e0 tous une connaissance de l\u2019histoire locale, par l\u2019organisation de manifestations et de toutes initiatives pouvant aider \u00e0 la r\u00e9alisation de l\u2019objet de l\u2019association \u00bb.<\/span><\/span><\/span><\/p>\n<p><span style=\"color: #000000;\"><span style=\"font-size: large;\"><span style=\"font-family: Arial;\"><em>Histoire de notre logo :<\/em><\/span><\/span><\/span><\/p>\n<p><img decoding=\"async\" loading=\"lazy\" class=\"size-medium wp-image-47 aligncenter\" src=\"http:\/\/azote.com\/wordpress\/wp-content\/uploads\/2023\/04\/Capture-300x298.png\" alt=\"\" width=\"300\" height=\"298\" srcset=\"http:\/\/azote.com\/wordpress\/wp-content\/uploads\/2023\/04\/Capture-300x298.png 300w, http:\/\/azote.com\/wordpress\/wp-content\/uploads\/2023\/04\/Capture-150x150.png 150w, http:\/\/azote.com\/wordpress\/wp-content\/uploads\/2023\/04\/Capture.png 513w\" sizes=\"(max-width: 300px) 100vw, 300px\" \/><\/p>\n<\/div>\n<ul>\n<li><span style=\"color: #000000; font-size: large;\"><strong>Le drapeau :<\/strong>\u00a0Pour noter l&rsquo;appartenance historique de la commune de Sevrier \u00e0 la r\u00e9gion Savoie, on retrouve une forme g\u00e9om\u00e9trique \u00e0 fond rouge avec une croix blanche rappelant la croix de Savoie .<\/span><\/li>\n<li><span style=\"font-family: Geneva, Arial, Helvetica, san-serif; font-size: large;\"><span style=\"color: #000000;\"><strong>L&rsquo;\u00e9glise de Sevrier :<\/strong>\u00a0De style n\u00e9ogothique, construite entre les ann\u00e9es 1876-1881 sur l&#8217;emplacement de deux anciens \u00e9difices, dont le premier remonte au 12 i\u00e8me si\u00e8cle, l&rsquo;\u00e9glise est un rep\u00e8re remarquable dans le paysage.<\/span><\/span>\n<p><span style=\"color: #000000; font-family: Geneva, Arial, Helvetica, san-serif; font-size: large;\">Lieu de rassemblement des g\u00e9n\u00e9rations qui se sont succ\u00e9d\u00e9es depuis le moyen-\u00e2ge, elle symbolise l&rsquo;enracinement du terroir.<\/span><\/li>\n<\/ul>\n","protected":false},"excerpt":{"rendered":"<p>Tout commen\u00e7a le samedi 12 Octobre 1987, apr\u00e8s-midi sur\u00a0le parking de l&rsquo;H\u00f4tel du Lac Bleu \u00e0 Sevrier. Les Anciens Sevriolains se r\u00e9unirent pour produire du jus de pomme \u00e0 l&rsquo;ancienne, le bidoyon. Sous l&rsquo;impulsion de passionn\u00e9s de leur terroir, de nombreux habitants se rassembl\u00e8rent pour faire conna\u00eetre des traditions qui s&rsquo;\u00e9teignaient avec la profonde mutation &hellip; <a href=\"http:\/\/azote.com\/wordpress\/a-propos\/\" class=\"more-link\">Continuer la lecture de <span class=\"screen-reader-text\">A propos<\/span><\/a><\/p>\n","protected":false},"author":1,"featured_media":0,"parent":0,"menu_order":0,"comment_status":"closed","ping_status":"closed","template":"","meta":[],"_links":{"self":[{"href":"http:\/\/azote.com\/wordpress\/wp-json\/wp\/v2\/pages\/23"}],"collection":[{"href":"http:\/\/azote.com\/wordpress\/wp-json\/wp\/v2\/pages"}],"about":[{"href":"http:\/\/azote.com\/wordpress\/wp-json\/wp\/v2\/types\/page"}],"author":[{"embeddable":true,"href":"http:\/\/azote.com\/wordpress\/wp-json\/wp\/v2\/users\/1"}],"replies":[{"embeddable":true,"href":"http:\/\/azote.com\/wordpress\/wp-json\/wp\/v2\/comments?post=23"}],"version-history":[{"count":3,"href":"http:\/\/azote.com\/wordpress\/wp-json\/wp\/v2\/pages\/23\/revisions"}],"predecessor-version":[{"id":343,"href":"http:\/\/azote.com\/wordpress\/wp-json\/wp\/v2\/pages\/23\/revisions\/343"}],"wp:attachment":[{"href":"http:\/\/azote.com\/wordpress\/wp-json\/wp\/v2\/media?parent=23"}],"curies":[{"name":"wp","href":"https:\/\/api.w.org\/{rel}","templated":true}]}}