{"id":213,"date":"2023-04-12T17:02:27","date_gmt":"2023-04-12T15:02:27","guid":{"rendered":"https:\/\/azote.com\/wordpress\/?page_id=213"},"modified":"2023-04-12T17:02:27","modified_gmt":"2023-04-12T15:02:27","slug":"portrait-de-paysans-sevriolains","status":"publish","type":"page","link":"http:\/\/azote.com\/wordpress\/portrait-de-paysans-sevriolains\/","title":{"rendered":"Portrait de paysans Sevriolains"},"content":{"rendered":"\n<p><strong><em>Oncle Jean et tante Fanchette<\/em><\/strong><\/p>\n\n\n\n<p><em>Ce document a \u00e9t\u00e9 r\u00e9dig\u00e9 en mars 1933 pour para\u00eetre dans une revue de l\u2019\u00e9poque. Pour que nous n\u2019oublions pas nos origines, nous le donnons dans son int\u00e9gralit\u00e9.<\/em><\/p>\n\n\n\n<p><em>D\u00e9di\u00e9 aux admirables paysans de Savoie, o\u00f9 il y avait heureusement bon nombre \u00ab\u00a0d\u2019oncles Jean et de tantes Fanchette\u00a0\u00bb<\/em><\/p>\n\n\n\n<figure class=\"wp-block-image size-full\"><img decoding=\"async\" loading=\"lazy\" width=\"1024\" height=\"676\" src=\"https:\/\/azote.com\/wordpress\/wp-content\/uploads\/2023\/04\/image_3381.jpg\" alt=\"\" class=\"wp-image-214\" srcset=\"http:\/\/azote.com\/wordpress\/wp-content\/uploads\/2023\/04\/image_3381.jpg 1024w, http:\/\/azote.com\/wordpress\/wp-content\/uploads\/2023\/04\/image_3381-300x198.jpg 300w, http:\/\/azote.com\/wordpress\/wp-content\/uploads\/2023\/04\/image_3381-768x507.jpg 768w\" sizes=\"(max-width: 1024px) 100vw, 1024px\" \/><\/figure>\n\n\n\n<p><\/p>\n\n\n\n<p>L<em>\u2019oncle Jean (1) est mort \u00e0 86 ans. Il a v\u00e9cu comme tant d\u2019autres paysans savoyards, sa longue vie dure, honn\u00eate et laborieuse. Aid\u00e9 par tante Fanchette (2), toute vaillante et toute bonne, il a pein\u00e9 sans rel\u00e2che, il a \u00e9lev\u00e9 ses nombreux enfants.<\/em><\/p>\n\n\n\n<figure class=\"wp-block-image size-full\"><img decoding=\"async\" loading=\"lazy\" width=\"1024\" height=\"710\" src=\"https:\/\/azote.com\/wordpress\/wp-content\/uploads\/2023\/04\/image_3382.jpg\" alt=\"\" class=\"wp-image-215\" srcset=\"http:\/\/azote.com\/wordpress\/wp-content\/uploads\/2023\/04\/image_3382.jpg 1024w, http:\/\/azote.com\/wordpress\/wp-content\/uploads\/2023\/04\/image_3382-300x208.jpg 300w, http:\/\/azote.com\/wordpress\/wp-content\/uploads\/2023\/04\/image_3382-768x533.jpg 768w\" sizes=\"(max-width: 1024px) 100vw, 1024px\" \/><\/figure>\n\n\n\n<p><\/p>\n\n\n\n<p>L\u2019oncle Jean ne suivant pas la mode, il ne s\u2019est pas enrichi. Il n\u2019\u00e9tait \u00ab rien malin \u00bb comme on dit chez nous. Chez nous, malin veut dire m\u00e9chant. Il a m\u00e9ticuleusement labour\u00e9 ses petits carr\u00e9s de terre. Avec amour, malgr\u00e9 le phyllox\u00e9ra, malgr\u00e9 le mildiou, malgr\u00e9 les ann\u00e9es mauvaises, il a soign\u00e9 ses petits coins de vigne. Volontiers il buvait un verre de son petit vin blanc. Bon, il le buvait bon. Piquette, il le buvait piquette. Souriant, il accueillait d\u2019une \u00e2me toujours \u00e9gale, les bons et les mauvais jours.<\/p>\n\n\n\n<p>L\u2019oncle Jean \u00e9tait un sage. A 86 ans, il \u00e9tait le doyen de la commune. Mais pour moi, il \u00e9tait demeur\u00e9 l\u2019oncle Jean de mon enfance. Je le revois encore adjudant \u00e0 la compagnie des sapeurs-pompiers. Il n\u2019\u00e9tait pas guerrier ? Mais le jour de la vogue, le dimanche apr\u00e8s le quinze ao\u00fbt, l\u2019oncle Jean, sangl\u00e9 dans son bel uniforme, d\u00e9filait martial, prot\u00e9geant le sabre au poing, les vieilles pompes astiqu\u00e9es, branlantes et fleuries. Tous les petits gar\u00e7ons encombraient le d\u00e9fil\u00e9 et le petit neveu fi\u00e8rement s\u2019essoufflait \u00e0 emboiter ses pas menus dans les longues enjamb\u00e9es de l\u2019oncle adjudant.<\/p>\n\n\n\n<p>Chaque dimanche augmentait ma fiert\u00e9. L\u2019oncle Jean \u00e9tait chantre. Chaque dimanche aux v\u00eapres, il entonnait le troisi\u00e8me psaume : \u00ab Beatus vir \u00bb, de sa voix puissante, jet\u00e9e de la haute tribune de pierres. Il faisait brinner (vibrer) les vo\u00fbtes de notre belle \u00e9glise sonore. Chaque dimanche, au \u00ab Beatus vir \u00bb, tous les gar\u00e7ons et les filles se retournaient d\u2019un bloc et contemplaient, bouche ouverte, l\u2019oncle Jean. Je tressaillais de fiert\u00e9. Tante Fanchette aussi \u00e9tait fi\u00e8re.<\/p>\n\n\n\n<p>Un jour, l\u2019oncle Jean eut un grand bonheur : il re\u00e7ut la d\u00e9coration du M\u00e9rite Dioc\u00e9sain. Au cours de sa tourn\u00e9e de confirmation, notre \u00e9v\u00eaque voulut, d\u2019un geste d\u00e9licat, \u00e9pingler lui-m\u00eame de sa main, la m\u00e9daille sur la poitrine du fid\u00e8le serviteur, chantre depuis septante ans et pr\u00e9sident du Conseil de Fabrique (3). L\u2019oncle Jean pleurait de joie. Mais lorsque sur le perron de l\u2019\u00e9glise, au nom de toute la paroisse assembl\u00e9e, face au clerg\u00e9, parmi les sapins enrubann\u00e9s et les guirlandes, dress\u00e9 de toute sa haute taille, de sa voix toujours jeune, il harangua son \u00e9v\u00eaque, l\u2019oncle Jean devant le noble et v\u00e9n\u00e9r\u00e9 pr\u00e9lat \u2013 son Excellence Mgr Du Bois de la Villerabel (4) l\u2019oncle Jean, paysan de Savoie, avait un tr\u00e8s grand air, je vous l\u2019assure.<\/p>\n\n\n\n<p>Les ann\u00e9es s\u2019accumulaient. L\u2019oncle Jean \u00e0 86 ans gardait la maison, ber\u00e7ait ses petits-enfants, il pelait les ch\u00e2taignes, il visitait ses vignes, il allait en champ, souvent il priait avec tante Fanchette. Grand, maigre, le nez pointu, le visage ras\u00e9, les l\u00e8vres minces : toujours droit et souriant, il ne vieillissait pas. Il semblait que l\u2019oncle Jean ne dut pas mourir \u2026.<\/p>\n\n\n\n<p>L\u2019oncle Jean est mort. Il est mort comme un saint.<\/p>\n\n\n\n<figure class=\"wp-block-image size-full\"><img decoding=\"async\" loading=\"lazy\" width=\"1024\" height=\"678\" src=\"https:\/\/azote.com\/wordpress\/wp-content\/uploads\/2023\/04\/image_3383.jpg\" alt=\"\" class=\"wp-image-216\" srcset=\"http:\/\/azote.com\/wordpress\/wp-content\/uploads\/2023\/04\/image_3383.jpg 1024w, http:\/\/azote.com\/wordpress\/wp-content\/uploads\/2023\/04\/image_3383-300x199.jpg 300w, http:\/\/azote.com\/wordpress\/wp-content\/uploads\/2023\/04\/image_3383-768x509.jpg 768w\" sizes=\"(max-width: 1024px) 100vw, 1024px\" \/><\/figure>\n\n\n\n<p><\/p>\n\n\n\n<p>Tanta Fanchette, \u00e9 n\u2019faut pas trop plar\u00e2. Quand d\u2019\u00e9teu p\u2019tiou et qu\u00e9 v\u2019tras \u00eafants et v\u2019tras neveux vo fassivo eraghi, vo dziva : \u00ab Bougros d\u2019gamins ! vo m\u2019fari dan\u00e2 ; E tout possiblo d\u2019av\u00e9 ona nia dinse ! D\u2019\u00f4meri atant \u00eatre u sonjhon d\u2019ha Tornetta \u00bb<br>Poura Tanta ! vo n\u2019\u00e9te, jamais monta u sonjhon d\u2019ha Tournetta, et d\u2019ai bin l\u2019id\u00e9e qu\u2019vo n\u2019y monteri jamais. Vo monteri bin pe hiaut qu\u2019la Tornetta. Vo vri, avo\u00e9 l\u2019oncle Jean, avou\u00e9 l\u2019Bon Dieu u Pardis !<\/p>\n\n\n\n<p>Mais tanta Fanchette, e faut pas vo pressa d\u2019moda. Resta onco longt\u00e9 avo\u00e9 no !<\/p>\n\n\n\n<p>Traduction :<\/p>\n\n\n\n<p>\u00ab Tante Fanchette, il ne faut pas trop pleurer. Quand j\u2019\u00e9tais petit, et que vos enfants et vos neveux vous faisaient enrager, vous disiez : \u00ab Bougres de gamins, vous me ferez damner. Est-il possible d\u2019avoir une \u00ab nia \u00bb pareille. J\u2019aimerai autant \u00eatre au sommet de la Tournette \u00bb.<\/p>\n\n\n\n<p>Pauvre tante ! Vous n\u2019\u00eates jamais mont\u00e9 au sommet de la Tournette, et j\u2019ai bien l\u2019id\u00e9e que vous n\u2019y monterez jamais ; Vous monterez plus haut que la Tournette. Vous irez avec l\u2019oncle Jean, avec le Bon Dieu, en Paradis. Mais, tante Fanchette, il ne faut pas vous presser de partir ; Restez encore longtemps avec nous \u00bb.<\/p>\n\n\n\n<p class=\"has-small-font-size\">1- Oncle Jean se pr\u00e9nommait Jean-Marie n\u00e9 \u00e0 Sevrier le 27\/05\/1847, d\u00e9c\u00e9d\u00e9 le 14\/03 \/1933<\/p>\n\n\n\n<p class=\"has-small-font-size\">2- Tante Fanchette se pr\u00e9nommait Marie Fran\u00e7oise n\u00e9e \u00e0 Sevrier le 18\/02\/1859, d\u00e9c\u00e9d\u00e9e le 12\/08\/1934<br>Ils sont n\u00e9s Savoyards et devenus Fran\u00e7ais apr\u00e8s l\u2019annexion de la Savoie en 1860<\/p>\n\n\n\n<p class=\"has-small-font-size\">Ils se sont mari\u00e9s \u00e0 Sevrier le 10\/01\/1883 v\u00e9curent au village du Cr\u00eat et eurent :<\/p>\n\n\n\n<p class=\"has-small-font-size\">Cinq enfants 2 gar\u00e7ons, 3 filles dont des jumelles, 18 petits-enfants, 19 arri\u00e8re-petits-enfants \u2026\u2026<\/p>\n\n\n\n<p class=\"has-small-font-size\">Trois petits-enfants sont encore vivants ainsi que 62 descendants.<\/p>\n\n\n\n<p class=\"has-small-font-size\">3- La Fabrique est un ensemble de personnes qui assurent la responsabilit\u00e9 de la collecte et l&rsquo;administration de la paroisse<\/p>\n\n\n\n<p class=\"has-small-font-size\">4- Florent Michel Marie Joseph du Bois de la Villerabel (n\u00e9 \u00e0 Saint-Brieuc le 29 septembre 1877, mort le 7 f\u00e9vrier 1951) est \u00e9v\u00eaque d&rsquo;Annecy de 1921 \u00e0 1940 puis archev\u00eaque d&rsquo;Aix-en-Provence de 1940 \u00e0 1944.<\/p>\n","protected":false},"excerpt":{"rendered":"<p>Oncle Jean et tante Fanchette Ce document a \u00e9t\u00e9 r\u00e9dig\u00e9 en mars 1933 pour para\u00eetre dans une revue de l\u2019\u00e9poque. Pour que nous n\u2019oublions pas nos origines, nous le donnons dans son int\u00e9gralit\u00e9. D\u00e9di\u00e9 aux admirables paysans de Savoie, o\u00f9 il y avait heureusement bon nombre \u00ab\u00a0d\u2019oncles Jean et de tantes Fanchette\u00a0\u00bb L\u2019oncle Jean (1) &hellip; <a href=\"http:\/\/azote.com\/wordpress\/portrait-de-paysans-sevriolains\/\" class=\"more-link\">Continuer la lecture de <span class=\"screen-reader-text\">Portrait de paysans Sevriolains<\/span><\/a><\/p>\n","protected":false},"author":1,"featured_media":0,"parent":0,"menu_order":0,"comment_status":"closed","ping_status":"closed","template":"","meta":[],"_links":{"self":[{"href":"http:\/\/azote.com\/wordpress\/wp-json\/wp\/v2\/pages\/213"}],"collection":[{"href":"http:\/\/azote.com\/wordpress\/wp-json\/wp\/v2\/pages"}],"about":[{"href":"http:\/\/azote.com\/wordpress\/wp-json\/wp\/v2\/types\/page"}],"author":[{"embeddable":true,"href":"http:\/\/azote.com\/wordpress\/wp-json\/wp\/v2\/users\/1"}],"replies":[{"embeddable":true,"href":"http:\/\/azote.com\/wordpress\/wp-json\/wp\/v2\/comments?post=213"}],"version-history":[{"count":1,"href":"http:\/\/azote.com\/wordpress\/wp-json\/wp\/v2\/pages\/213\/revisions"}],"predecessor-version":[{"id":218,"href":"http:\/\/azote.com\/wordpress\/wp-json\/wp\/v2\/pages\/213\/revisions\/218"}],"wp:attachment":[{"href":"http:\/\/azote.com\/wordpress\/wp-json\/wp\/v2\/media?parent=213"}],"curies":[{"name":"wp","href":"https:\/\/api.w.org\/{rel}","templated":true}]}}