{"id":2,"date":"2017-05-23T17:21:52","date_gmt":"2017-05-23T15:21:52","guid":{"rendered":"http:\/\/azote.com\/wordpress\/?page_id=2"},"modified":"2023-04-13T11:47:51","modified_gmt":"2023-04-13T09:47:51","slug":"les-lieux-dits","status":"publish","type":"page","link":"http:\/\/azote.com\/wordpress\/les-lieux-dits\/","title":{"rendered":"Les Lieux-dits"},"content":{"rendered":"<div id=\"TheTexte\" class=\"Texte\" lang=\"zxx\">\n<p><span style=\"font-size: revert;\">Lieu-dit ou lieudit &#8211; pluriel, lieux-dits ou lieudits (nom masculin)<br \/>Lieu qui porte un nom traditionnel.<br \/>Un lieu-dit est un endroit de faible \u00e9tendue.<br \/>Son nom lui vient souvent d\u2019une anecdote le concernant.<br \/>Il prend quelquefois le nom d\u2019un de ses anciens habitants o\u00f9 d\u2019une particularit\u00e9 de sa g\u00e9ographie (toponymie).<br \/>Ainsi on trouve beaucoup de lieudits fran\u00e7ais dont le nom commence par \u00ab\u00a0Chez\u00a0\u00bb.<br \/>On fait souvent l\u2019amalgame entre un hameau et un lieu-dit.<br \/>La diff\u00e9rence vient du fait que, contrairement au hameau, le lieu-dit n\u2019est pas forc\u00e9ment habit\u00e9.<\/span><\/p>\n<ul>\n<li>SEMNOZ<br \/>LA CROIX DU CRET<\/li>\n<li>SEVRIER NORD<br \/>LES VADIOS<\/li>\n<li>LES CATALONS<\/li>\n<li>SEVRIER CENTRE<br \/>LE GRAND RECOU<br \/>CHEMIN DE FORBACH<br \/>LES AVOLLIONS<br \/>LES GRANDS CHAMPS<br \/>LA GROTTE<\/li>\n<li>SEVRIER SUD<br \/>MONTRACUL<br \/>LES PRES D&rsquo;ENFER<br \/>LES PONTETS<br \/>LE CLOS SAVOYARD<br \/>LE HAMEAU DE LA COMBE<\/li>\n<\/ul>\n<\/div>\n\n\n<p>Un coup d&rsquo;\u0153il sur une carte des Savoie montre que les noms de lieux se r\u00e9p\u00e8tent assez souvent.<\/p>\n\n\n\n<p>Le sens de ces noms, en patois, est souvent descriptif de l&rsquo;endroit.<\/p>\n\n\n\n<p>LA BALME, BALMETTE : grotte<br>LE BOUCHET : lieu garni de bosquets<br>LE CHOSAL : maison en ruine<br>LA CHOUIA : le chemin<br>LA COMBE : vall\u00e9e en flanc de montagne<br>LES C\u00d4TES : terrains en pente \u00e0 flanc de montagne<br>LES FINS : bonnes terres<br>LE FONTANIL : endroit o\u00f9 se trouve une fontaine<br>LE FORON : torrent<br>LES ILES : un endroit isol\u00e9<br>LE MOLLARD : une grosse colline ronde<br>LE MOLLIER : endroit humide<br>LE NANT : ruisseau, petit torrent<br>LE PASSA-FRANC : le raccourci<br>LE PLAN : lieu relativement plat<br>LES PLATI\u00c8RES : les plateaux<br>LA PERRI\u00c8RE : lieu rempli de pierres<br>LES PRAZ : les pr\u00e9s.<br>LES RAPINES : terrains en pente et peu ais\u00e9s \u00e0 travailler<br>LE RIVAL : cours d\u2019eau<br>LA SAISIE, LE SAIX, SAXONNEX, etc : la roche<br>LA SAUFFE, LA SAUVE : lieu o\u00f9 se trouvait une sauve (maladi\u00e8re),ou hospice<br>LES TEPPES, LES TATTES : terres en friche<br>LA TOUVI\u00c8RE, LE THOVEY : carri\u00e8re de tuf<br>LE VILLARD : hameau<\/p>\n","protected":false},"excerpt":{"rendered":"<p>Lieu-dit ou lieudit &#8211; pluriel, lieux-dits ou lieudits (nom masculin)Lieu qui porte un nom traditionnel.Un lieu-dit est un endroit de faible \u00e9tendue.Son nom lui vient souvent d\u2019une anecdote le concernant.Il prend quelquefois le nom d\u2019un de ses anciens habitants o\u00f9 d\u2019une particularit\u00e9 de sa g\u00e9ographie (toponymie).Ainsi on trouve beaucoup de lieudits fran\u00e7ais dont le nom &hellip; <a href=\"http:\/\/azote.com\/wordpress\/les-lieux-dits\/\" class=\"more-link\">Continuer la lecture de <span class=\"screen-reader-text\">Les Lieux-dits<\/span><\/a><\/p>\n","protected":false},"author":1,"featured_media":0,"parent":0,"menu_order":0,"comment_status":"closed","ping_status":"closed","template":"","meta":[],"_links":{"self":[{"href":"http:\/\/azote.com\/wordpress\/wp-json\/wp\/v2\/pages\/2"}],"collection":[{"href":"http:\/\/azote.com\/wordpress\/wp-json\/wp\/v2\/pages"}],"about":[{"href":"http:\/\/azote.com\/wordpress\/wp-json\/wp\/v2\/types\/page"}],"author":[{"embeddable":true,"href":"http:\/\/azote.com\/wordpress\/wp-json\/wp\/v2\/users\/1"}],"replies":[{"embeddable":true,"href":"http:\/\/azote.com\/wordpress\/wp-json\/wp\/v2\/comments?post=2"}],"version-history":[{"count":6,"href":"http:\/\/azote.com\/wordpress\/wp-json\/wp\/v2\/pages\/2\/revisions"}],"predecessor-version":[{"id":339,"href":"http:\/\/azote.com\/wordpress\/wp-json\/wp\/v2\/pages\/2\/revisions\/339"}],"wp:attachment":[{"href":"http:\/\/azote.com\/wordpress\/wp-json\/wp\/v2\/media?parent=2"}],"curies":[{"name":"wp","href":"https:\/\/api.w.org\/{rel}","templated":true}]}}