{"id":191,"date":"2023-04-12T16:42:01","date_gmt":"2023-04-12T14:42:01","guid":{"rendered":"https:\/\/azote.com\/wordpress\/?page_id=191"},"modified":"2023-04-12T16:42:01","modified_gmt":"2023-04-12T14:42:01","slug":"poeme-a-la-grotte","status":"publish","type":"page","link":"http:\/\/azote.com\/wordpress\/poeme-a-la-grotte\/","title":{"rendered":"po\u00e8me \u00e0 la grotte"},"content":{"rendered":"\n<p><strong>La grotte de Lourdes \u00e0 Sevrier inaugur\u00e9e le 12 ao\u00fbt 1900<\/strong><\/p>\n\n\n<div class=\"wp-block-image\">\n<figure class=\"aligncenter size-full\"><img decoding=\"async\" loading=\"lazy\" width=\"300\" height=\"263\" src=\"https:\/\/azote.com\/wordpress\/wp-content\/uploads\/2023\/04\/image_643.jpg\" alt=\"\" class=\"wp-image-192\"\/><\/figure><\/div>\n\n\n<p>En ce beau jour de f\u00eate entonnons nos louanges<br>Nous unissons nos voix aux cantiques des anges<br>Abaissez vos regards du haut du ciel sur nous<br>Et ramenez nos c\u0153urs vers votre fils, vers vous<br>Sur les Thabords b\u00e9nis, o\u00f9 par votre puissance<br>Vous faites refleurir la fleur de l&rsquo;Esp\u00e9rance<br>Les graces par torrents ont coul\u00e9 dans nos c\u0153urs<br>Et les ont inond\u00e9s de vos saintes faveurs<\/p>\n\n\n\n<p>Thabord, grotte, rocher, temple de notre M\u00e8re<br>Monument \u00e0 Marie, \u00e9lev\u00e9 pour lui plaire<br>Pour marquer notre z\u00e8le et chanter notre amour<br>C&rsquo;est Lourdes qui reluit \u00e0 nos yeux en ce jour<\/p>\n\n\n\n<p>Et par respect pour vous en leurs habits de f\u00eate<br>Heureux de vous savoir pour toujours \u00e0 leur t\u00eate<br>Nos enfants sont venus et viendront chaque soir<br>Dans un hymne vibrant vous dire leur espoir<\/p>\n\n\n\n<p>De gr\u00e2ce r\u00e9pandez dans ce peuple fid\u00e8le<br>L&rsquo;ardente charit\u00e9 dont vous \u00eates le mod\u00e8le<br>Et donnez lui l&rsquo;esprit du d\u00e9vouement chr\u00e9tien<br>La pi\u00e9t\u00e9 la force qui soutient<br>Oui, la force, la foi, car surtout \u00e0 cette heure<br>Regardant l&rsquo;avenir, le pr\u00eatre craint et pleure<\/p>\n\n\n\n<p>B\u00e9nissez Annecy, b\u00e9nissez Sevrier<br>Qui d&rsquo;une \u0153uvre si noble ont fourni l&rsquo;ouvrier<br>En retour de l&rsquo;amour qui vous fit ces largesses<br>Votre main r\u00e9pandra sur ces c\u0153urs si pieux<br>Et des gr\u00e2ces de choix et des biens pr\u00e9cieux<\/p>\n\n\n\n<p>Oh ! ne rejetez pas notre vive pri\u00e8re<br>Ouvrez pour nous vos bras bonne et tr\u00e8s douce M\u00e8re<br>A l&rsquo;heure du tr\u00e9pas quand nous crierons vers vous<br>Dans vos bras maternels, venez et prenez nous<\/p>\n\n\n\n<p>Auteur J. F. Del\u00e8traz<br>Cur\u00e9 en retraite \u00e0 Sevrier et cur\u00e9 des Clefs<br>Mort en 1906 \u00e0 l&rsquo;\u00e2ge de 83 ans<\/p>\n\n\n\n<p class=\"has-small-font-size\">Copie exacte d&rsquo;un po\u00e8me manuscrit sur une carte trouv\u00e9e en 1999 dans les archives paroissiales de Sevrier<br>Le cantique ou po\u00eame a peut \u00eatre \u00e9t\u00e9 lu ( ? ) le jour de l&rsquo;inauguration de la Grotte de Sevrier, car il a \u00e9t\u00e9 publi\u00e9 par l&rsquo;hebdomadaire Ann\u00e9cien \u00a0\u00bb Annecy son lac et environ \u00a0\u00bb le 5 ao\u00fbt 1900. (archives d\u00e9partementales de la Haute-Savoie)<br>Sur ce m\u00eame article a \u00e9t\u00e9 publi\u00e9 l&rsquo;horaire des \u00a0\u00bb Bateaux \u00e0 vapeur \u00e0 destination de Sevrier pour l&rsquo;inauguration de la Grotte \u00ab\u00a0.<br>Gurret Henri \u00ab\u00a0Mars 2000\u00a0\u00bb<\/p>\n","protected":false},"excerpt":{"rendered":"<p>La grotte de Lourdes \u00e0 Sevrier inaugur\u00e9e le 12 ao\u00fbt 1900 En ce beau jour de f\u00eate entonnons nos louangesNous unissons nos voix aux cantiques des angesAbaissez vos regards du haut du ciel sur nousEt ramenez nos c\u0153urs vers votre fils, vers vousSur les Thabords b\u00e9nis, o\u00f9 par votre puissanceVous faites refleurir la fleur de &hellip; <a href=\"http:\/\/azote.com\/wordpress\/poeme-a-la-grotte\/\" class=\"more-link\">Continuer la lecture de <span class=\"screen-reader-text\">po\u00e8me \u00e0 la grotte<\/span><\/a><\/p>\n","protected":false},"author":1,"featured_media":0,"parent":0,"menu_order":0,"comment_status":"closed","ping_status":"closed","template":"","meta":[],"_links":{"self":[{"href":"http:\/\/azote.com\/wordpress\/wp-json\/wp\/v2\/pages\/191"}],"collection":[{"href":"http:\/\/azote.com\/wordpress\/wp-json\/wp\/v2\/pages"}],"about":[{"href":"http:\/\/azote.com\/wordpress\/wp-json\/wp\/v2\/types\/page"}],"author":[{"embeddable":true,"href":"http:\/\/azote.com\/wordpress\/wp-json\/wp\/v2\/users\/1"}],"replies":[{"embeddable":true,"href":"http:\/\/azote.com\/wordpress\/wp-json\/wp\/v2\/comments?post=191"}],"version-history":[{"count":1,"href":"http:\/\/azote.com\/wordpress\/wp-json\/wp\/v2\/pages\/191\/revisions"}],"predecessor-version":[{"id":194,"href":"http:\/\/azote.com\/wordpress\/wp-json\/wp\/v2\/pages\/191\/revisions\/194"}],"wp:attachment":[{"href":"http:\/\/azote.com\/wordpress\/wp-json\/wp\/v2\/media?parent=191"}],"curies":[{"name":"wp","href":"https:\/\/api.w.org\/{rel}","templated":true}]}}