{"id":188,"date":"2023-04-12T16:39:37","date_gmt":"2023-04-12T14:39:37","guid":{"rendered":"https:\/\/azote.com\/wordpress\/?page_id=188"},"modified":"2023-04-12T16:39:37","modified_gmt":"2023-04-12T14:39:37","slug":"monsieur-le-cure","status":"publish","type":"page","link":"http:\/\/azote.com\/wordpress\/monsieur-le-cure\/","title":{"rendered":"monsieur le cur\u00e9"},"content":{"rendered":"\n<p><strong>Conte local<\/strong><\/p>\n\n\n\n<p>Il ne faut pas m&rsquo;en vouloir, ce n&rsquo;est pas que je veux vous le cacher, mais je ne sais pas o\u00f9 \u00e7a s&rsquo;est pass\u00e9. Les vieux ne me l&rsquo;ont jamais pr\u00e9cis\u00e9.<br>Etait-ce sur ce flanc du Semnoz ? Etait-ce autour du lac ? ou encore entre Sevrier et Saint-Ferr\u00e9ol ?<br>Peut-\u00eatre bien, je ne sais rien de plus. J&rsquo;ignore aussi en quelle ann\u00e9e c&rsquo;\u00e9tait.<br>Mais s\u00fbr, dans ce secteur, il y avait un cur\u00e9 qui \u00e9tait aussi bon que Saint-Pierre ou Saint-Joseph. Sans la moindre m\u00e9chancet\u00e9, tr\u00e8s humble, toujours content. Il ne se plaignait jamais, se f\u00e2chait encore moins et tout le monde l&rsquo;aimait bien.<br>Pour donner la permission de travailler le dimanche ou, pour faire gras le vendredi, en cas de n\u00e9cessit\u00e9, il ne disait jamais non. Et, surtout, quand il fallait se confesser \u00e0 l&rsquo;occasion des grandes f\u00eates, avec lui c&rsquo;\u00e9tait tr\u00e8s facile, car il n&rsquo;\u00e9tait pas curieux.<br>Il n&rsquo;\u00e9tait pas comme certains confesseurs qui sont curieux comme une belette, qui veulent tout savoir, qui vous cherchent les poux sur la t\u00eate.<br>Une fois que vous \u00eates entr\u00e9 dans le confessionnal, pour en sortir ! \u2026 ce n&rsquo;est jamais termin\u00e9, ils vous \u00ab\u00a0brossent\u00a0\u00bb pire que les lavandi\u00e8res qui font la lessive.<br>Savez-vous ? Ces pointilleux de confesseurs, ils vous font transpirer mieux que lorsqu&rsquo;on fait aller la faux ! \u2026<br>R\u00e9fl\u00e9chissez un peu ! \u2026<br>Quand un coureur de jupons doit dire qu&rsquo;il a fait des culbutes avec une dame qui n&rsquo;\u00e9tait pas son \u00e9pouse ou lorsqu&rsquo;une l\u00e9g\u00e8re et d\u00e9gourdie jeune femme s&rsquo;est complu dans les \u00ab\u00a0caresses appuy\u00e9es\u00a0\u00bb d&rsquo;un coquelet alors qu&rsquo;ils n&rsquo;\u00e9taient pas encore mari\u00e9s ! \u2026<br>Alors l\u00e0 \u2026 ces graves confesseurs s&rsquo;\u00e9nervant, haussant la voix, parlant tout fort et les personnes qui attendent leur tour devant le confessionnal \u00e9coutant et comprenant tout ! \u2026 autant y publier sur l&rsquo;Almanach Vermot ! \u2026 Vraiment, \u00e7a n&rsquo;allait plus ! \u2026<br>Avec votre vieux cur\u00e9, c&rsquo;\u00e9tait bien mieux.<br>Non seulement il n&rsquo;\u00e9tait pas curieux, mais encore, il \u00e9tait sourd, sourd, comme un pot.<br>Avec lui, pour se confesser, \u00e7a allait tout seul, comme sur un papier \u00e0 musique. Il suffisait de faire remuer les m\u00e2choires, bouger les l\u00e8vres, comme les vaches quand elles ruminent et ce bienveillant sourd, qui ne comprenait rien, disait, quand les l\u00e8vres s&rsquo;arr\u00eataient de remuer :<br>\u00ab\u00a0c&rsquo;est bon, allez, passez de l&rsquo;autre c\u00f4t\u00e9\u00a0\u00bb, apr\u00e8s avoir impos\u00e9 deux \u00ab\u00a0Pater\u00a0\u00bb et trois \u00ab\u00a0Ave\u00a0\u00bb comme p\u00e9nitence, il donnait l&rsquo;absolution.<br>Mes braves gens, que voulez-vous de plus ? \u2026.<br>Comme je vous le redis tout le monde aimait beaucoup notre vieux Monsieur le Cur\u00e9 !\u2026Et tout le monde \u00e9tait content ! \u2026 Tous ! \u2026<br>Pourtant, il y avait des fois o\u00f9 c&rsquo;\u00e9tait Monsieur le Cur\u00e9 lui-m\u00eame, qui sans se plaindre, faisait la grimace.<br>Le dimanche apr\u00e8s la grand&rsquo;messe, quand tous ses paroissiens \u00e9taient partis, les femmes \u00e0 leurs marmites, les hommes au caf\u00e9, le cur\u00e9 tout seul en sacristie, comptait les sous de la qu\u00eate.<br>Oh, les pi\u00e8ces, \u00e7a pouvait aller en nombre, mais ce n&rsquo;\u00e9tait rien que des petits sous \u2026 \u00e7a ne faisait pas lourd ! \u2026 d&rsquo;autant moins lourd qu&rsquo;en ces temps-l\u00e0, les petites pi\u00e8ces \u00e9taient des pi\u00e8ces perc\u00e9es, avec un gros trou.<br>Alors croyez-moi, \u00e7a ne faisait vraiment pas lourd ! \u2026<br>Et il lui fallait mettre de c\u00f4t\u00e9 les sous qui allaient \u00e0 l&rsquo;Ev\u00each\u00e9, les sous pour l&rsquo;entretien de l&rsquo;\u00e9glise, les sous pour les chandelles, les sous pour les \u00e2mes du purgatoire, les sous pour les missionnaires, des sous d&rsquo;un c\u00f4t\u00e9, des sous de l&rsquo;autre \u2026..<br>Il restait juste un peu de \u00ab\u00a0poussi\u00e8re\u00a0\u00bb, quelques malotrues pi\u00e8ces \u00e0 peine suffisantes pour acheter un peu de tabac \u00e0 priser pour la semaine \u2026 Et encore, les prises, il ne fallait pas les faire grosses, autrement le vendredi, la tabati\u00e8re \u00e9tait aussi vide qu&rsquo;un sac perc\u00e9.<br>Notre vieux cur\u00e9 se disait en lui-m\u00eame :<br>\u00ab\u00a0Mes paroissiens, ces sacr\u00e9s \u00ab\u00a0pisse petit\u00a0\u00bb, il faudra que je les secoue un peu ; ils sont larges, mais seulement d&rsquo;\u00e9paules. Ouvrir le porte-monnaie pour mettre des sous dedans, \u00e7a va tr\u00e8s bien, mais pour en sortir, n&rsquo;y comptez pas \u2026\u00a0\u00bb.<br>Le dimanche suivant, le cur\u00e9 fit un sermon sur la charit\u00e9, vous pouvez me croire, mieux qu&rsquo;un j\u00e9suite, au temps de car\u00eame \u00e0 Notre-Dame de Paris.<br>Il faut savoir que cet humble cur\u00e9, quand il voulait, pr\u00eachait tr\u00e8s bien, c&rsquo;\u00e9tait une \u00ab\u00a0grosse cervelle\u00a0\u00bb avec une langue agile ! \u2026<br>Ce jour-l\u00e0, il s&rsquo;\u00e9tait d\u00e9p\u00each\u00e9 de finir sa messe, il avait h\u00e2te de conna\u00eetre le r\u00e9sultat de la qu\u00eate.<br>Le compte fait, et \u2026 refait : des petits sous, pas un de plus que dimanche dernier !<br>(Ces foutus chiens), cette bande de constip\u00e9s ne voulaient rien entendre. Le cur\u00e9 est sourd c&rsquo;est s\u00fbr, mais ces vauriens, c&rsquo;est pire, ils se bouchaient les oreilles.<br>Ce beau sermon sur la charit\u00e9 ? Rien ! Il n&rsquo;a servi \u00e0 rien ! \u2026 Autant pisser dans un violon pour le faire chanter. Le brave cur\u00e9 sentit \u2026\u2026\u2026\u2026 ses \u2026\u2026\u2026. qui se serrent et sa gorge qui s&rsquo;\u00e9trangle.<br>Dimanche prochain, d\u00e9cide le pr\u00eatre, ils vont m&rsquo;entendre, je m&rsquo;en vais les secouer, je vais hurler sacr\u00e9 nom, \u00e7a va faire \u00ab\u00a0vilain\u00a0\u00bb \u2026 Mais deux ou trois jours apr\u00e8s, la col\u00e8re tomb\u00e9e, le cur\u00e9 se disait :<br>Ne rien dire ? C&rsquo;est s\u00fbr ces avares se moquent de moi \u2026<br>Un beau sermon ? Ils ne veulent rien comprendre !<br>De bruyants et vigoureux reproches ? Ce n&rsquo;est pas certain que ce soit mieux ; \u00e0 trop \u00ab\u00a0secouer\u00a0\u00bb ces bourriques, ils ne viendront plus \u00e0 la messe, ce sera encore pire \u2026<br>Le pauvre homme ne savait plus \u00e0 quel saint se vouer.<br>Un apr\u00e8s-midi, tout en b\u00eachant son jardin, il cherchait une id\u00e9e, un moyen pour que la qu\u00eate soit un peu moins minable, qu&rsquo;il y ait quelques \u00ab\u00a0gros\u00a0\u00bb sous parmi les petits \u2026.<br>Mais que faire ? \u2026<br>Et tout d&rsquo;un coup, c&rsquo;est comme un \u00e9clair qui lui traverse la t\u00eate !.<br>\u00ab\u00a0Oui ma foi \u2026 Voil\u00e0 ce qu&rsquo;il faut faire \u2026.. Mais bien s\u00fbr ! \u2026<br>La qu\u00eate, jusqu&rsquo;ici, ce sont les enfants de ch\u0153ur qui la font. Et bien, d\u00e9sormais, c&rsquo;est moi-m\u00eame, le cur\u00e9 qui la ferait ! \u2026<br>Le dimanche suivant, il monte en chaire et avant le sermon, il annonce tout haut, en levant les bras :<br>\u00ab\u00a0Aujourd&rsquo;hui, c&rsquo;est notre cur\u00e9 qui fera la qu\u00eate, c&rsquo;est moi qui passerai parmi vous\u00a0\u00bb.<br>Apr\u00e8s le sermon, il prend une grande corbeille, profonde (il vaut mieux, on ne sait jamais) que des mains d\u00e9votes ont recouverte d&rsquo;un beau napperon tout brod\u00e9, plein de dentelles.<br>Puis, c\u00e9r\u00e9monieux, il passe dans tous les bancs, devant tous les hommes, devant toutes les femmes, en les regardant droit dans les yeux, s&rsquo;arr\u00eatant devant chacun, en secouant la corbeille et en faisant tinter les sous devant leur nez.<br>Alors l\u00e0, vous pouvez me croire, c&rsquo;est la v\u00e9rit\u00e9 vraie ! \u2026 Tout le monde, sans exception, a mis la main dans la corbeille. Pas un, qui n&rsquo;eut pas fait le geste ! Et Monsieur le cur\u00e9 est content .. .. Heureux, il pense : \u00ab\u00a0faire moi-m\u00eame la qu\u00eate, c&rsquo;\u00e9tait donc une bonne id\u00e9e\u00a0\u00bb. Foutus, mal \u00e9duqu\u00e9s, cette fois je vous ai eus ! \u2026\u00a0\u00bb<br>Il est tellement press\u00e9 de finir sa messe qu&rsquo;il en oublie le Pater \u2026 \u00ab\u00a0Apr\u00e8s tout \u2026 mer ..! j&rsquo;en dirai deux demain pour compenser. Amen. Ite, Missa est \u2026\u00a0\u00bb<br>La messe est termin\u00e9e.<br>De retour \u00e0 la sacristie, il ne prend pas le temps de quitter ses habits sacerdotaux, vite, il renverse la corbeille sur la table. Il lui semble que le tas de pi\u00e8ces en vrac est plus gros que d&rsquo;habitude \u2026<br>Il se met \u00e0 compter, en s\u00e9parant les pi\u00e8ces. A mesure qu&rsquo;il compte, le tas de pi\u00e8ces d\u00e9cro\u00eet bien vite et, surtout pas un seul \u00ab\u00a0gros sou\u00a0\u00bb.<br>Et quand il a termin\u00e9, h\u00e9las ! Il faut se rendre \u00e0 l&rsquo;\u00e9vidence \u2026 Ah, doux J\u00e9sus, Marie, Joseph, pas un sou de plus que d&rsquo;habitude. Alors l\u00e0, il doit s&rsquo;asseoir, les jambes tremblantes. La t\u00eate \u00ab\u00a0lui tourne\u00a0\u00bb et il a comme une grosse pierre sur l&rsquo;estomac ; il est an\u00e9anti ! \u2026<br>Assis, il reste longtemps, la t\u00eate entre les mains \u2026 immobile, silencieux ! \u2026<br>Et tout d&rsquo;un coup, il se souvient qu&rsquo;en faisant la qu\u00eate, il avait compt\u00e9 le nombre de participants \u00e0 la messe. Et maintenant sur la table, il s&rsquo;aper\u00e7oit qu&rsquo;il y a moins de pi\u00e8ces que de personnes \u00e0 l&rsquo;office. Et pourtant tous les fid\u00e8les, tous, sans exception, ont mis la main dans la corbeille.<br>Donc, c&rsquo;est s\u00fbr, certains ont mis la main, ont fait le geste sans rien donner ! \u2026<br>Notre vieux cur\u00e9 se l\u00e8ve tout droit, tel Lucifer, dans l&rsquo;eau b\u00e9nite, fou de col\u00e8re, les quatre cheveux qui lui restent, droits sur la t\u00eate.<br>Hors de lui \u2026 Nom de D \u2026., les bandits \u2026<br>Sur le mur, en face de lui, le pauvre homme aper\u00e7oit le Christ sur la Croix ! \u2026<br>Oh ! bon J\u00e9sus, pardon, il ne faut pas m&rsquo;en vouloir, mais cette fois, c&rsquo;en est trop ; je n&rsquo;en peux plus ! \u2026<br>ou bien je quitte cette paroisse,<br>ou bien, je tords le cou \u00e0 cette bande de vauriens.<br>Ne rien donner \u00e0 la qu\u00eate, ce n&rsquo;est pas beau, mais faire semblant et ne rien mettre dans la corbeille, c&rsquo;est une honte, la vergogne, la tra\u00eetrise absolue ! Une bande de voyous, de menteurs, des sans c\u0153ur qui valent moins qu&rsquo;un chien enrag\u00e9 ! \u2026<br>Et le malheureux, seul comme job, sent la gorge serr\u00e9e, comme entour\u00e9 d&rsquo;un lien. Il ne peut ni manger, ni boire ; rien ne veut \u00ab\u00a0passer\u00a0\u00bb, juste une bonne ration de \u00ab\u00a0goutte\u00a0\u00bb ; et de toute la nuit, pas un seul instant il n&rsquo;a pu fermer les yeux ! \u2026<br>Ce jour-l\u00e0 et le lendemain, il \u00e9tait tellement contrari\u00e9 qu&rsquo;il n&rsquo;avait absolument rien pu avaler !<br>Je vous ai dit que Monsieur le cur\u00e9 \u00e9tait un brave homme, sans m\u00e9chancet\u00e9, sans rancune et que suivant l&rsquo;\u00e9vangile, il savait pardonner. Alors, pendant la semaine, la col\u00e8re l&rsquo;avait quitt\u00e9 et le dimanche suivant il a fait son sermon \u2026<br>Puis, avant de faire la qu\u00eate, du haut de la chaire, de bonne humeur, mais s\u00fbr de lui, s\u00e9rieux comme le Pape au balcon de Saint-Pierre, il ajouta :<br>\u00ab\u00a0Seigneur, Grand Dieu du Ciel, je vous remercie de tout c\u0153ur de m&rsquo;avoir confi\u00e9 cette paroisse o\u00f9 je suis heureux, au milieu de braves gens, d\u00e9sint\u00e9ress\u00e9s, g\u00e9n\u00e9reux, pleins de bont\u00e9 \u2026<br>Cr\u00e9 nom, la-dessous, m&rsquo;entendez-vous, quand je dis que \u00ab\u00a0par ici il n&rsquo;y a que des gens bons et g\u00e9n\u00e9reux \u00e0 faire p\u00e2lir Saint-Martin lui-m\u00eame qui a donn\u00e9 son manteau ?\u00a0\u00bb<br>Alors l\u00e0, tous les paroissiens dressent la t\u00eate, gonflent la poitrine, tout fiers ; s\u00fbr que c&rsquo;est vrai puisque Monsieur le Cur\u00e9 lui-m\u00eame le dit. Et Monsieur le Cur\u00e9 poursuit :<br>\u00ab\u00a0Il est vrai que dans cette paroisse il n&rsquo;y a que des braves gens. Je l&rsquo;ai tr\u00e8s bien constat\u00e9 dimanche lorsque j&rsquo;ai fait la qu\u00eate. Vous avez tous donn\u00e9 quelque chose. Grand merci \u00e0 tous, \u00e0 toutes ; quant \u00e0 ceux qui n&rsquo;ont pas donn\u00e9 une pi\u00e8ce, ils ont fait leur possible \u2026 Ils ont au moins donn\u00e9 \u2026\u2026.. le trou\u00a0\u00bb.<\/p>\n\n\n\n<p>Auteur de ce r\u00e9cit : Henri GURRET<\/p>\n\n\n\n<p>Transciption : Monique LAMY<\/p>\n","protected":false},"excerpt":{"rendered":"<p>Conte local Il ne faut pas m&rsquo;en vouloir, ce n&rsquo;est pas que je veux vous le cacher, mais je ne sais pas o\u00f9 \u00e7a s&rsquo;est pass\u00e9. Les vieux ne me l&rsquo;ont jamais pr\u00e9cis\u00e9.Etait-ce sur ce flanc du Semnoz ? Etait-ce autour du lac ? ou encore entre Sevrier et Saint-Ferr\u00e9ol ?Peut-\u00eatre bien, je ne sais &hellip; <a href=\"http:\/\/azote.com\/wordpress\/monsieur-le-cure\/\" class=\"more-link\">Continuer la lecture de <span class=\"screen-reader-text\">monsieur le cur\u00e9<\/span><\/a><\/p>\n","protected":false},"author":1,"featured_media":0,"parent":0,"menu_order":0,"comment_status":"closed","ping_status":"closed","template":"","meta":[],"_links":{"self":[{"href":"http:\/\/azote.com\/wordpress\/wp-json\/wp\/v2\/pages\/188"}],"collection":[{"href":"http:\/\/azote.com\/wordpress\/wp-json\/wp\/v2\/pages"}],"about":[{"href":"http:\/\/azote.com\/wordpress\/wp-json\/wp\/v2\/types\/page"}],"author":[{"embeddable":true,"href":"http:\/\/azote.com\/wordpress\/wp-json\/wp\/v2\/users\/1"}],"replies":[{"embeddable":true,"href":"http:\/\/azote.com\/wordpress\/wp-json\/wp\/v2\/comments?post=188"}],"version-history":[{"count":1,"href":"http:\/\/azote.com\/wordpress\/wp-json\/wp\/v2\/pages\/188\/revisions"}],"predecessor-version":[{"id":190,"href":"http:\/\/azote.com\/wordpress\/wp-json\/wp\/v2\/pages\/188\/revisions\/190"}],"wp:attachment":[{"href":"http:\/\/azote.com\/wordpress\/wp-json\/wp\/v2\/media?parent=188"}],"curies":[{"name":"wp","href":"https:\/\/api.w.org\/{rel}","templated":true}]}}