{"id":176,"date":"2023-04-12T16:07:29","date_gmt":"2023-04-12T14:07:29","guid":{"rendered":"https:\/\/azote.com\/wordpress\/?page_id=176"},"modified":"2023-04-12T16:07:29","modified_gmt":"2023-04-12T14:07:29","slug":"le-vin-et-les-raisins","status":"publish","type":"page","link":"http:\/\/azote.com\/wordpress\/le-vin-et-les-raisins\/","title":{"rendered":"le vin et les raisins"},"content":{"rendered":"\n<p><strong><em>L&rsquo;OURS DU SEMNOZ ET LES RAISINS DE SEVRIER<\/em><\/strong><\/p>\n\n\n\n<p>La petite histoire qui a toujours de l&rsquo;humour \u00e0 revendre, raconte qu&rsquo;une nuit, l&rsquo;ours du Semnoz descendit dans les vignes de Sevrier pour voir s&rsquo;il trouvait d\u00e9j\u00e0 quelques grappes avant les vendanges. Mais les raisins qu&rsquo;il trouva \u00e9taient tellement durs qu&rsquo;il se cassa une dent et repartit en hurlant dans la for\u00eat faisant un tel vacarme qu&rsquo;il r\u00e9veilla toutes les fermes environnantes.<br>On a m\u00eame ajout\u00e9 un jour : \u00ab\u00a0tous les villages du tour du lac\u00a0\u00bb \u2026 cela fait \u00ab\u00a0un peu beaucoup\u00a0\u00bb, mais, comme disait Jacques REPLAT en 1867 dans son \u00ab\u00a0VOYAGE AU LONG COURS\u00a0\u00bb :<br>\u00ab\u00a0n\u00e9 GAULOIS, le paysan savoyard est aussi, n\u00e9 moqueur\u00a0\u00bb.<br>Personne ne le contredira lorsqu&rsquo;il conna\u00eetra tous les sobriquets et blasons dont on assaisonne le village voisin.<br>\u00ab\u00a0Honni soit qui mal y pense !\u00a0\u00bb<br>Les histoires d\u00f4les et moqueries ne manquent pas sur les raisins de Sevrier qui voit le Semnoz lui voler deux heures de soleil par jour si bien que ses vignes m\u00fbrissaient un peu apr\u00e8s celles des autres ce qui ne les emp\u00eachaient pas de donner d&rsquo;excellents fruits.<br>Alors voil\u00e0 encore une histoire qui court le long du lac :<br>\u00ab\u00a0Une ann\u00e9e o\u00f9 l&rsquo;\u00e9t\u00e9 \u00e9tait particuli\u00e8rement chaud, les raisins sevriolains qui d&rsquo;habitude \u00e9taient toujours verts \u00e0 cette date, se mirent \u00e0 rosir l\u00e9g\u00e8rement. Constatant le ph\u00e9nom\u00e8ne, une vigneronne de la commune se demanda, affol\u00e9e, quelle nouvelle maladie s&rsquo;abattait sur ses vignes. Elle prit une grappe et alla trouver un voisin mieux g\u00e2t\u00e9 par le soleil, qui lui fit remarquer en riant que ses raisins \u00e9taient tout simplement : m\u00fbrs, ce qui ne lui \u00e9tait pas arriv\u00e9 depuis longtemps \u2026, ajoutent les moqueurs \u2026\u00a0\u00bb<br>Et celle-ci encore, bien connue :<br>\u00ab\u00a0Connaissez-vous le vin de trois ? Non ?<br>Et bien sachez que c&rsquo;est une sp\u00e9cialit\u00e9 de Sevrier\u00a0\u00bb<br>Pourquoi ce nom ?<br>Parce qu&rsquo;en plus du buveur, il faut deux comp\u00e8res pour le soutenir dans l&rsquo;\u00e9preuve !<\/p>\n\n\n\n<p><\/p>\n","protected":false},"excerpt":{"rendered":"<p>L&rsquo;OURS DU SEMNOZ ET LES RAISINS DE SEVRIER La petite histoire qui a toujours de l&rsquo;humour \u00e0 revendre, raconte qu&rsquo;une nuit, l&rsquo;ours du Semnoz descendit dans les vignes de Sevrier pour voir s&rsquo;il trouvait d\u00e9j\u00e0 quelques grappes avant les vendanges. Mais les raisins qu&rsquo;il trouva \u00e9taient tellement durs qu&rsquo;il se cassa une dent et repartit &hellip; <a href=\"http:\/\/azote.com\/wordpress\/le-vin-et-les-raisins\/\" class=\"more-link\">Continuer la lecture de <span class=\"screen-reader-text\">le vin et les raisins<\/span><\/a><\/p>\n","protected":false},"author":1,"featured_media":0,"parent":0,"menu_order":0,"comment_status":"closed","ping_status":"closed","template":"","meta":[],"_links":{"self":[{"href":"http:\/\/azote.com\/wordpress\/wp-json\/wp\/v2\/pages\/176"}],"collection":[{"href":"http:\/\/azote.com\/wordpress\/wp-json\/wp\/v2\/pages"}],"about":[{"href":"http:\/\/azote.com\/wordpress\/wp-json\/wp\/v2\/types\/page"}],"author":[{"embeddable":true,"href":"http:\/\/azote.com\/wordpress\/wp-json\/wp\/v2\/users\/1"}],"replies":[{"embeddable":true,"href":"http:\/\/azote.com\/wordpress\/wp-json\/wp\/v2\/comments?post=176"}],"version-history":[{"count":1,"href":"http:\/\/azote.com\/wordpress\/wp-json\/wp\/v2\/pages\/176\/revisions"}],"predecessor-version":[{"id":178,"href":"http:\/\/azote.com\/wordpress\/wp-json\/wp\/v2\/pages\/176\/revisions\/178"}],"wp:attachment":[{"href":"http:\/\/azote.com\/wordpress\/wp-json\/wp\/v2\/media?parent=176"}],"curies":[{"name":"wp","href":"https:\/\/api.w.org\/{rel}","templated":true}]}}