{"id":172,"date":"2023-04-12T16:05:40","date_gmt":"2023-04-12T14:05:40","guid":{"rendered":"https:\/\/azote.com\/wordpress\/?page_id=172"},"modified":"2023-04-12T16:05:40","modified_gmt":"2023-04-12T14:05:40","slug":"loratoire-du-cret-saint-martin","status":"publish","type":"page","link":"http:\/\/azote.com\/wordpress\/loratoire-du-cret-saint-martin\/","title":{"rendered":"l&rsquo;oratoire du cr\u00eat saint Martin"},"content":{"rendered":"\n<p><em><strong>L\u2019Oratoire du Cr\u00eat Saint Martin : ou l\u2019\u00e9trange histoire d\u2019une statue \u00ab r\u00e9sistante \u00bb<\/strong><\/em><\/p>\n\n\n\n<p>De tout temps, le Lac d&rsquo;Annecy fut un lien entre les hommes : voie de communication gr\u00e2ce aux allers et retours de \u00ab La Belle Etoile \u00bb, ou du \u00ab Libellule \u00bb \u00e0 la fin du XX\u00e8 si\u00e8cle, mais aussi, d\u00e8s le d\u00e9but des ann\u00e9es 1800, avec la batellerie \u00e0 vapeur, tr\u00e8s dynamique dont \u00ab Le Ch\u00e9rubin \u00bb ou \u00ab La Couronne de Savoie \u00bb desservaient les d\u00e9barcad\u00e8res de toutes les communes riveraines.<\/p>\n\n\n\n<p>Source de vie et de nourriture, tant par la p\u00eache professionnelle ou priv\u00e9e que par le pompage de l\u2019eau par les turbines install\u00e9es au \u00ab tournant \u00bb de La Puya, qui alimentent en eau potable toute l&rsquo;agglom\u00e9ration d\u2019Annecy.<\/p>\n\n\n\n<p>Tr\u00e8s t\u00f4t aussi p\u00f4le d&rsquo;attraction pour le tourisme, le Lac \u00e9tait d\u00e9j\u00e0 un lieu o\u00f9 se ressourcer et se rafra\u00eechir, pour les enfants et leurs parents apr\u00e8s la rude journ\u00e9e de labeur dans les champs\u2026Cependant , cette vaste \u00e9tendue d\u2019eau fut aussi, parfois, lieu de rivalit\u00e9s et de conflits entre les diff\u00e9rentes municipalit\u00e9s situ\u00e9es sur ses rives. Ainsi en t\u00e9moigne la curieuse aventure dont fut l&rsquo;objet la Statue de Saint Martin, sise sur la commune de Sevrier, entre le Chemin des c\u00f4tes, au lieu-dit \u00ab Le Cr\u00eat Saint Martin \u00bb et le Chemin du Cr\u00eat.<\/p>\n\n\n\n<p>Plant\u00e9 \u00e0 flanc de coteau, l&rsquo;oratoire, de 2m50 de haut environ, qui abrite aujourd&rsquo;hui cette statue domine le lac mais reste discret : seul un promeneur initi\u00e9 gravissant la pente herbeuse depuis la Piste Cyclable peut le d\u00e9couvrir, \u00e0 peu pr\u00e8s sur le lieu m\u00eame o\u00f9 fut implant\u00e9e il y a fort longtemps une chapelle plus imposante, consacr\u00e9e au Saint homme.<\/p>\n\n\n\n<p>L\u2019actuel vestige t\u00e9moigne cependant fort bien de la ferveur populaire : selon la c\u00e9l\u00e8bre tradition, Saint Martin ( h\u00e9las aujourd\u2019hui d\u00e9capit\u00e9 ) y appara\u00eet v\u00eatu d\u2019une tunique or et d&rsquo;une belle cape bleue, et brandit son \u00e9p\u00e9e non pas dans un geste guerrier mais au contraire, dans un grand \u00e9lan de g\u00e9n\u00e9rosit\u00e9 , pour partager son manteau et en couvrir le malheureux n\u00e9cessiteux assis \u00e0 m\u00eame le sol, torse nu et frileux , au pied de la monture du Saint homme . Admirant ces discrets vestiges, notre promeneur curieux ne se doute probablement pas des rivalit\u00e9s que provoqua l&rsquo;\u00e9difice initial, ni des d\u00e9boires subis par certains \u00ab aventuriers \u00bb peu scrupuleux, \u00e0 une \u00e9poque que l&rsquo;on peut situer au lointain Moyen Age\u2026<\/p>\n\n\n\n<p>Bien avant l&rsquo;\u00e9poque contemporaine, la notori\u00e9t\u00e9 de Saint Martin fut sans doute, toutes proportions gard\u00e9es, aussi r\u00e9pandue que celle de notre illustre \u00ab Abb\u00e9 Pierre \u00bb, puisque , selon des sources s\u00fbres , 485 communes portent le nom du Saint homme et pas moins de 3700 Eglises lui sont d\u00e9di\u00e9es ! Rien d\u2019\u00e9tonnant donc, \u00e0 ce que , aux environs de 1350, on construise, \u00e0 Sevrier, la premi\u00e8re \u00ab Chapelle \u00bb d\u00e9di\u00e9e au fameux h\u00e9ros. (r\u00e9f\u00e9rences) C&rsquo;est au beau milieu d\u2019un coteau r\u00e9put\u00e9 pour ses vignobles que fut \u00e9rig\u00e9 le pieux \u00e9difice, fr\u00e9quent\u00e9 par les croyants lors des f\u00eates patronales. De belles vignes , une belle chapelle , un Saint Patron exemplaire \u2026 de quoi en rendre jaloux plus d&rsquo;un ! D\u2019autant plus que , exactement en face, sur la rive oppos\u00e9e de notre beau lac, habituellement source d\u2019amiti\u00e9, se dressait fi\u00e8rement le ch\u00e2teau qui avait vu na\u00eetre Saint Bernard de Menthon au cours du X\u00e8 si\u00e8cle. Prot\u00e9ger les montagnards \u00e9gar\u00e9s, n&rsquo;est-ce pas aussi louable que r\u00e9chauffer les n\u00e9cessiteux ? De plus, les pieds de vignes plant\u00e9s sur la rive \u00e9clair\u00e9e par le couchant n\u2019ont rien \u00e0 envier aux ceps sevriolains ! D&rsquo;ailleurs , les habitants de Veyrier et de Menthon ne se privent pas de critiquer leurs vis-\u00e0-vis : \u00ab Comment le raisin peut-il m\u00fbrir lorsqu\u2019il est plong\u00e9 dans l&rsquo;ombre du Semnoz d\u00e8s le d\u00e9but de l&rsquo;apr\u00e8s-midi ?! \u00bb Ce \u00e0 quoi les Sevriolains r\u00e9torquent du tac au tac : \u00ab Seule une vraie piquette peut \u00eatre extraite d&rsquo;un pressoir dont les grains pourrissent sur pieds ! \u00bb En effet , comme le font remarquer , avec une certaine pertinence, ces envieux , l&rsquo;humidit\u00e9 nocturne persiste toute la matin\u00e9e \u00e0 Veyrier puisque le soleil tarde tant \u00e0 y montrer son premier rayon !<\/p>\n\n\n\n<p>Ainsi vont les choses : la renomm\u00e9e de Saint Martin le g\u00e9n\u00e9reux fait de l&rsquo;ombre \u00e0 Saint Bernard le courageux \u2026On en d\u00e9duit donc que les terres sur lesquelles nos deux bienheureux sont install\u00e9s rivalisent elles aussi \u2026 S&rsquo;en est trop pour les habitants de la c\u00f4te \u00e9clair\u00e9e par le Couchant ! Profond\u00e9ment froiss\u00e9s par les remarques d\u00e9sobligeantes des vignerons de celle illumin\u00e9e d\u00e8s le Levant \u2013 et peut-\u00eatre aussi \u00e9m\u00e9ch\u00e9s par leur piquette ? ils d\u00e9cident de se venger et de voler la statue du pauvre Saint Martin ! Quelle serait la m\u00e9thode la plus ais\u00e9e ? Traverser le lac en barque , \u00e9videmment !<\/p>\n\n\n\n<p>Ce qui fut dit, fut fait : par une belle nuit \u00e9toil\u00e9e, trois ou quatre \u00e9nergum\u00e8nes rament fermement et accostent sans mal sur les rives du Cr\u00eat. Ils parviennent presque sans encombre \u00e0 grimper sur le coteau et \u00e0 desceller le Saint Homme qui ne r\u00e9siste pas et se laisse emporter \u00e0 dos d&rsquo;hommes. On redescend plus lentement, les pieds encombr\u00e9s par les sabots, enjambant avec quelques difficult\u00e9s les \u00e9chalas.<\/p>\n\n\n\n<p>\u2013 d\u00e9cid\u00e9ment bien fournis et bien encombrants !<\/p>\n\n\n\n<p>\u2013 Parvenus enfin dans leur barque et souquant ferme, ils ironisent d\u00e9j\u00e0 \u00e0 l&rsquo;id\u00e9e de la surprise que ne va pas manquer de provoquer leur exploit ! Cependant , ils ne tardent pas \u00e0 d\u00e9chanter, car, \u00e0 leur propre surprise , plus ils s&rsquo;\u00e9loignent de la c\u00f4te de Sevrier, plus leur embarcation s&#8217;emplit d\u2019eau ! Il s&rsquo;agit pourtant d&rsquo;un beau bateau ! Un de ces fameux canots de 4 \u00e0 8 m\u00e8tres de long faits pour porter de lourdes charges ! Mais, le niveau monte dangereusement \u2026Amor\u00e7ant un premier demi-tour , ils s&rsquo;aper\u00e7oivent que la barque se vide . H\u00e9las , \u00e0 la moindre tentative pour s\u2019orienter \u00e0 nouveau vers la c\u00f4te de Menthon, le ph\u00e9nom\u00e8ne s\u2019inverse ! Que faire ? Fort heureusement, la lune n\u2019est pas encore \u00e0 son z\u00e9nith . Tr\u00e8s vite , ils sont contraints de rebrousser chemin et d\u2019accoster \u00e0 nouveau en terre ennemie \u2026<\/p>\n\n\n\n<p>Paradoxalement g\u00e9n\u00e9reuse, celle-ci offre une aide bienvenue \u00e0 nos malfaisants qui s\u2019emparent sans h\u00e9siter des \u00ab seilles \u00bb de bois, ces ustensiles de vignerons entrepos\u00e9s dans des cabanes r\u00e9serv\u00e9es \u00e0 cet effet, parmi les vignes. Outil id\u00e9al pour \u00e9coper ! Et les voil\u00e0 repartis, ricanants, et confiants dans leur ing\u00e9niosit\u00e9.<\/p>\n\n\n\n<p>H\u00e9las pour eux , les malandrins doivent rapidement se rendre \u00e0 l&rsquo;\u00e9vidence : \u00e0 peine le bateau s&rsquo;\u00e9loigne-t-il sur les flots , que l&rsquo;eau recommence \u00e0 monter , monter dangereusement dans le fond de l\u2019embarcation\u2026 \u00ab Nous sommes sans doute trop charg\u00e9s ! s&rsquo;\u00e9crie celui qui se prend pour le chef, la seule solution est d&rsquo;all\u00e9ger la barque\u00bb. Puis il ajoute, avec d&rsquo;autant plus de conviction qu&rsquo;il est le plus menu de la bande : \u00ab Nous devons nous d\u00e9lester du plus lourd d&rsquo;entre nous ! \u00bb Nouveau demi-tour, tandis que la lune poursuit sa course, imperturbablement . On abandonne sur la berge du Cr\u00eat le plus grand des quatre, un ben\u00eat dont la lourde masse, quittant h\u00e2tivement les lieux du \u00ab crime \u00bb, s&rsquo;\u00e9loigne en direction d&rsquo;Annecy afin de rentrer au bercail en faisant le tour du lac \u00e0 pieds !<\/p>\n\n\n\n<p>Sans le moindre signe de reconnaissance, ses camarades n&rsquo;ont pas attendu pour activer les avirons : cap sur Menthon ! Tandis que la silhouette de l&#8217;embarcation glisse sur l&rsquo;eau et se devine \u00e0 peine sur le ciel qui p\u00e2lit d\u00e9j\u00e0, l&rsquo;un rame, rame, rame p\u00e9niblement, \u00e9vitant de r\u00e9fl\u00e9chir, et les deux autres \u00e9copent , \u00e9copent , \u00e9copent vigoureusement, refusant l\u2019\u00e9vidence : l&rsquo;eau monte, monte, monte, au fond du bateau ! Apr\u00e8s de vains efforts, apercevant les lueurs du jour au-dessus des Dents de Lanfon, et craignant d\u2019\u00eatre pris au pi\u00e8ge des premiers rayons que le soleil darde d\u00e8s l\u2019aube sur la commune de Sevrier, nos pi\u00e8tres h\u00e9ros amorcent, la rage au coeur, un ultime demi-tour : impossible de garder un si encombrant fardeau ! Ils abandonnent l\u00e2chement Saint Martin sur la berge du Cr\u00eat et s&rsquo;enfuient, sans demander leur reste \u2026 Penauds et bredouilles ils retrouvent, sur l&rsquo;autre rive, au petit matin, leur courageux comparse \u00e9puis\u00e9 de sa longue course.<\/p>\n\n\n\n<p>C\u2019est ainsi que, fort de son \u00e9nergique r\u00e9sistance, b\u00e9n\u00e9ficiant sans doute d&rsquo;un divin soutien, Saint Martin fut replac\u00e9 sur son socle, dans cette chapelle o\u00f9 processions et v\u00eapres permirent aux fid\u00e8les de continuer de chanter ses louanges. Et sa renomm\u00e9e \u00e9tait telle que, m\u00eame lorsque fut d\u00e9truite la chapelle , on \u00e9rigea le charmant Oratoire arriv\u00e9 presque intact jusqu\u2019\u00e0 notre XXI\u00e8 si\u00e8cle : des \u00e9crits attestent que la tradition des manifestations religieuses en ce lieu se perp\u00e9tua jusqu\u2019\u00e0 l&rsquo;or\u00e9e du XVIII\u00e8 si\u00e8cle. (r\u00e9f\u00e9rences)<\/p>\n\n\n\n<p>Aujourd&rsquo;hui, seuls les initi\u00e9s connaissent le petit Oratoire qui continue \u00e0 surplomber paisiblement le lac. Esp\u00e9rons que l&rsquo;ample geste du bienfaiteur tendant sa cape bleue au manant frileux t\u00e9moignera longtemps encore de sa belle g\u00e9n\u00e9rosit\u00e9 !<\/p>\n\n\n\n<ul>\n<li>Histoire racont\u00e9e par mon grand-p\u00e8re Marcel G. et \u00e9crite par C. REY<\/li>\n<\/ul>\n","protected":false},"excerpt":{"rendered":"<p>L\u2019Oratoire du Cr\u00eat Saint Martin : ou l\u2019\u00e9trange histoire d\u2019une statue \u00ab r\u00e9sistante \u00bb De tout temps, le Lac d&rsquo;Annecy fut un lien entre les hommes : voie de communication gr\u00e2ce aux allers et retours de \u00ab La Belle Etoile \u00bb, ou du \u00ab Libellule \u00bb \u00e0 la fin du XX\u00e8 si\u00e8cle, mais aussi, d\u00e8s &hellip; <a href=\"http:\/\/azote.com\/wordpress\/loratoire-du-cret-saint-martin\/\" class=\"more-link\">Continuer la lecture de <span class=\"screen-reader-text\">l&rsquo;oratoire du cr\u00eat saint Martin<\/span><\/a><\/p>\n","protected":false},"author":1,"featured_media":0,"parent":0,"menu_order":0,"comment_status":"closed","ping_status":"closed","template":"","meta":[],"_links":{"self":[{"href":"http:\/\/azote.com\/wordpress\/wp-json\/wp\/v2\/pages\/172"}],"collection":[{"href":"http:\/\/azote.com\/wordpress\/wp-json\/wp\/v2\/pages"}],"about":[{"href":"http:\/\/azote.com\/wordpress\/wp-json\/wp\/v2\/types\/page"}],"author":[{"embeddable":true,"href":"http:\/\/azote.com\/wordpress\/wp-json\/wp\/v2\/users\/1"}],"replies":[{"embeddable":true,"href":"http:\/\/azote.com\/wordpress\/wp-json\/wp\/v2\/comments?post=172"}],"version-history":[{"count":1,"href":"http:\/\/azote.com\/wordpress\/wp-json\/wp\/v2\/pages\/172\/revisions"}],"predecessor-version":[{"id":174,"href":"http:\/\/azote.com\/wordpress\/wp-json\/wp\/v2\/pages\/172\/revisions\/174"}],"wp:attachment":[{"href":"http:\/\/azote.com\/wordpress\/wp-json\/wp\/v2\/media?parent=172"}],"curies":[{"name":"wp","href":"https:\/\/api.w.org\/{rel}","templated":true}]}}