{"id":155,"date":"2023-04-12T15:40:40","date_gmt":"2023-04-12T13:40:40","guid":{"rendered":"https:\/\/azote.com\/wordpress\/?page_id=155"},"modified":"2023-04-12T15:48:18","modified_gmt":"2023-04-12T13:48:18","slug":"la-visite-de-napoleon-iii-en-patois-et-en-francais","status":"publish","type":"page","link":"http:\/\/azote.com\/wordpress\/la-visite-de-napoleon-iii-en-patois-et-en-francais\/","title":{"rendered":"la visite de Napol\u00e9on III en patois et en Fran\u00e7ais"},"content":{"rendered":"\n<p>Mo amis<\/p>\n\n\n\n<p>Vo savi t\u00f4, qu\u00ea p&rsquo;\u00e9crir\u00e8 l&rsquo;histo\u00e8re, la vr\u00eata, l&rsquo;histo\u00e8re des grand\u00e8 Ecul\u00e8, \u00e9 faut conniaitr\u00e8 les lingu\u00e8 m\u00f4rt\u00e8, parla les lingue \u00e9trinjhire, lire los vieux papis, sav\u00ea scharschi les novale chuz\u00e8, a tan dire, \u00e9 faut av\u00e8 d&rsquo;instrucchon, \u00e9tr\u00e8 on Savin. A po\u00e8, quand, k&rsquo;min m\u00ea, on a ni l&rsquo;on ni l&rsquo;\u00e2tre, m\u00e9 r\u00ea du te, alo y est to simple ! \u2026 on pu pa \u00e9crire l&rsquo;Histo\u00e8re. Apo\u00e9 to ! \u00e9 n&rsquo;f\u00e2 pas rin ! \u2026 Y a preu d&rsquo;grands \u00e9kr\u00e8v\u00e9, qu&rsquo;s\u00e9 dr\u00eaffon l&rsquo;p\u00eatre, qu&rsquo;s\u00e9touillon l&rsquo;cou, qu&rsquo;on f\u00e9 on mo\u00e9 d&rsquo;livr\u00e8, m\u00e9 sovin \u00e9 sont pas d&rsquo;acco los on los \u00e2tre, e s&rsquo;rugeon l&rsquo;groin, \u00e9 y est a sli k\u00e9 borl\u00e8 l&rsquo;p\u00e8 fo ! \u2026<br>M\u00ea alo iti\u00e9 \u00e9 vo mieu p\u00e2, i pt\u00e2 l&rsquo;n\u00e2.<\/p>\n","protected":false},"excerpt":{"rendered":"<p>Mo amis Vo savi t\u00f4, qu\u00ea p&rsquo;\u00e9crir\u00e8 l&rsquo;histo\u00e8re, la vr\u00eata, l&rsquo;histo\u00e8re des grand\u00e8 Ecul\u00e8, \u00e9 faut conniaitr\u00e8 les lingu\u00e8 m\u00f4rt\u00e8, parla les lingue \u00e9trinjhire, lire los vieux papis, sav\u00ea scharschi les novale chuz\u00e8, a tan dire, \u00e9 faut av\u00e8 d&rsquo;instrucchon, \u00e9tr\u00e8 on Savin. A po\u00e8, quand, k&rsquo;min m\u00ea, on a ni l&rsquo;on ni l&rsquo;\u00e2tre, m\u00e9 &hellip; <a href=\"http:\/\/azote.com\/wordpress\/la-visite-de-napoleon-iii-en-patois-et-en-francais\/\" class=\"more-link\">Continuer la lecture de <span class=\"screen-reader-text\">la visite de Napol\u00e9on III en patois et en Fran\u00e7ais<\/span><\/a><\/p>\n","protected":false},"author":1,"featured_media":0,"parent":0,"menu_order":0,"comment_status":"closed","ping_status":"closed","template":"","meta":[],"_links":{"self":[{"href":"http:\/\/azote.com\/wordpress\/wp-json\/wp\/v2\/pages\/155"}],"collection":[{"href":"http:\/\/azote.com\/wordpress\/wp-json\/wp\/v2\/pages"}],"about":[{"href":"http:\/\/azote.com\/wordpress\/wp-json\/wp\/v2\/types\/page"}],"author":[{"embeddable":true,"href":"http:\/\/azote.com\/wordpress\/wp-json\/wp\/v2\/users\/1"}],"replies":[{"embeddable":true,"href":"http:\/\/azote.com\/wordpress\/wp-json\/wp\/v2\/comments?post=155"}],"version-history":[{"count":1,"href":"http:\/\/azote.com\/wordpress\/wp-json\/wp\/v2\/pages\/155\/revisions"}],"predecessor-version":[{"id":157,"href":"http:\/\/azote.com\/wordpress\/wp-json\/wp\/v2\/pages\/155\/revisions\/157"}],"wp:attachment":[{"href":"http:\/\/azote.com\/wordpress\/wp-json\/wp\/v2\/media?parent=155"}],"curies":[{"name":"wp","href":"https:\/\/api.w.org\/{rel}","templated":true}]}}