{"id":142,"date":"2023-04-07T18:46:54","date_gmt":"2023-04-07T16:46:54","guid":{"rendered":"https:\/\/azote.com\/wordpress\/?page_id=142"},"modified":"2023-04-07T18:53:46","modified_gmt":"2023-04-07T16:53:46","slug":"lo-zamis-du-vioeu-sevri","status":"publish","type":"page","link":"http:\/\/azote.com\/wordpress\/lo-zamis-du-vioeu-sevri\/","title":{"rendered":"lo z&rsquo;amis du vioeu sevri"},"content":{"rendered":"\n<p>Plusieurs membres de notre association forment un groupe, qui se r\u00e9unissent chaque mois pour apprendre, \u00e9tudier ou \u00e9crire des textes avec des mots du patois local. H\u00e9las, ils ne sont plus que quelques-uns \u00e0 le parler dans notre commune.<\/p>\n\n\n\n<p>Un dictionnaire, des contes, un recueil de chants Savoyards traditionnels, un fablier sont en cours de pr\u00e9paration. Dans nos pages vous retrouverez <strong>les mots de patois en gras.<\/strong><\/p>\n\n\n\n<p>Le dicton du mois de juin : <\/p>\n\n\n\n<p><strong>O ten d\u00e9 gr&rsquo;ffions, lo m\u00e9d&rsquo;cins s&rsquo;en mode en ch&rsquo;mise<\/strong>.<br>Au temps des cerises, les m\u00e9decins vont en chemise.<\/p>\n\n\n\n<p><strong>Explication : <\/strong>Les cerises de Sevrier \u00e9taient appr\u00e9ci\u00e9es par les Sevriolains et les Ann\u00e9ciens. Les vitamines de ces premiers fruits frais apr\u00e8s l&rsquo;hiver redonnaient vigueur et \u00e9nergie, laissant les m\u00e9decins sans patient !<\/p>\n\n\n\n<p>Le dicton du mois d&rsquo;ao\u00fbt :<br><strong>L\u00e9 v\u00e9porn\u00e9 du m\u00ea d&rsquo;o\u00fbr tranpan lou sajho e lou fou.<\/strong><br>Les apr\u00e8s-midi du mois d&rsquo;ao\u00fbt trompent les sages et les fous.<\/p>\n\n\n\n<p><strong>Explication : <\/strong>La chaleur excessive en fin de journ\u00e9e provoque des orages inattendus, et parfois violents.<\/p>\n","protected":false},"excerpt":{"rendered":"<p>Plusieurs membres de notre association forment un groupe, qui se r\u00e9unissent chaque mois pour apprendre, \u00e9tudier ou \u00e9crire des textes avec des mots du patois local. H\u00e9las, ils ne sont plus que quelques-uns \u00e0 le parler dans notre commune. Un dictionnaire, des contes, un recueil de chants Savoyards traditionnels, un fablier sont en cours de &hellip; <a href=\"http:\/\/azote.com\/wordpress\/lo-zamis-du-vioeu-sevri\/\" class=\"more-link\">Continuer la lecture de <span class=\"screen-reader-text\">lo z&rsquo;amis du vioeu sevri<\/span><\/a><\/p>\n","protected":false},"author":1,"featured_media":0,"parent":0,"menu_order":0,"comment_status":"closed","ping_status":"closed","template":"","meta":[],"_links":{"self":[{"href":"http:\/\/azote.com\/wordpress\/wp-json\/wp\/v2\/pages\/142"}],"collection":[{"href":"http:\/\/azote.com\/wordpress\/wp-json\/wp\/v2\/pages"}],"about":[{"href":"http:\/\/azote.com\/wordpress\/wp-json\/wp\/v2\/types\/page"}],"author":[{"embeddable":true,"href":"http:\/\/azote.com\/wordpress\/wp-json\/wp\/v2\/users\/1"}],"replies":[{"embeddable":true,"href":"http:\/\/azote.com\/wordpress\/wp-json\/wp\/v2\/comments?post=142"}],"version-history":[{"count":4,"href":"http:\/\/azote.com\/wordpress\/wp-json\/wp\/v2\/pages\/142\/revisions"}],"predecessor-version":[{"id":147,"href":"http:\/\/azote.com\/wordpress\/wp-json\/wp\/v2\/pages\/142\/revisions\/147"}],"wp:attachment":[{"href":"http:\/\/azote.com\/wordpress\/wp-json\/wp\/v2\/media?parent=142"}],"curies":[{"name":"wp","href":"https:\/\/api.w.org\/{rel}","templated":true}]}}